{"id":13322,"date":"2023-04-03T21:14:28","date_gmt":"2023-04-04T02:14:28","guid":{"rendered":"https:\/\/ugelcusco.gob.pe\/ws\/?page_id=13322"},"modified":"2023-04-09T21:57:35","modified_gmt":"2023-04-10T02:57:35","slug":"educacion-intercultural-bilingue","status":"publish","type":"page","link":"https:\/\/ugelcusco.gob.pe\/ws\/educacion-intercultural-bilingue\/","title":{"rendered":"Educaci\u00f3n Intercultural Biling\u00fce"},"content":{"rendered":"\t\t<div data-elementor-type=\"wp-page\" data-elementor-id=\"13322\" class=\"elementor elementor-13322\">\n\t\t\t\t\t\t<section class=\"elementor-section elementor-top-section elementor-element elementor-element-88fc47c elementor-section-boxed elementor-section-height-default elementor-section-height-default\" data-id=\"88fc47c\" data-element_type=\"section\" data-e-type=\"section\">\n\t\t\t\t\t\t<div class=\"elementor-container elementor-column-gap-default\">\n\t\t\t\t\t<div class=\"elementor-column elementor-col-100 elementor-top-column elementor-element elementor-element-0d1ecf3\" data-id=\"0d1ecf3\" data-element_type=\"column\" data-e-type=\"column\">\n\t\t\t<div class=\"elementor-widget-wrap elementor-element-populated\">\n\t\t\t\t\t\t<div class=\"elementor-element elementor-element-6fa4cdd elementor-widget elementor-widget-image\" data-id=\"6fa4cdd\" data-element_type=\"widget\" data-e-type=\"widget\" data-widget_type=\"image.default\">\n\t\t\t\t<div class=\"elementor-widget-container\">\n\t\t\t\t\t\t\t\t\t\t\t\t\t\t\t<img fetchpriority=\"high\" decoding=\"async\" width=\"1490\" height=\"571\" src=\"https:\/\/ugelcusco.gob.pe\/ws\/wp-content\/uploads\/2023\/04\/sliderEIB.fw_-1.png\" class=\"attachment-full size-full wp-image-13379\" alt=\"\" srcset=\"https:\/\/ugelcusco.gob.pe\/ws\/wp-content\/uploads\/2023\/04\/sliderEIB.fw_-1.png 1490w, https:\/\/ugelcusco.gob.pe\/ws\/wp-content\/uploads\/2023\/04\/sliderEIB.fw_-1-300x115.png 300w, https:\/\/ugelcusco.gob.pe\/ws\/wp-content\/uploads\/2023\/04\/sliderEIB.fw_-1-1024x392.png 1024w, https:\/\/ugelcusco.gob.pe\/ws\/wp-content\/uploads\/2023\/04\/sliderEIB.fw_-1-768x294.png 768w, https:\/\/ugelcusco.gob.pe\/ws\/wp-content\/uploads\/2023\/04\/sliderEIB.fw_-1-24x9.png 24w, https:\/\/ugelcusco.gob.pe\/ws\/wp-content\/uploads\/2023\/04\/sliderEIB.fw_-1-36x14.png 36w, https:\/\/ugelcusco.gob.pe\/ws\/wp-content\/uploads\/2023\/04\/sliderEIB.fw_-1-62x24.png 62w\" sizes=\"(max-width: 1490px) 100vw, 1490px\" \/>\t\t\t\t\t\t\t\t\t\t\t\t\t\t\t<\/div>\n\t\t\t\t<\/div>\n\t\t\t\t\t<\/div>\n\t\t<\/div>\n\t\t\t\t\t<\/div>\n\t\t<\/section>\n\t\t\t\t<section class=\"elementor-section elementor-top-section elementor-element elementor-element-279215f elementor-reverse-tablet elementor-reverse-mobile elementor-section-boxed elementor-section-height-default elementor-section-height-default\" data-id=\"279215f\" data-element_type=\"section\" data-e-type=\"section\" data-settings=\"{&quot;background_background&quot;:&quot;slideshow&quot;,&quot;background_slideshow_gallery&quot;:[],&quot;background_slideshow_loop&quot;:&quot;yes&quot;,&quot;background_slideshow_slide_duration&quot;:5000,&quot;background_slideshow_slide_transition&quot;:&quot;fade&quot;,&quot;background_slideshow_transition_duration&quot;:500}\">\n\t\t\t\t\t\t<div class=\"elementor-container elementor-column-gap-default\">\n\t\t\t\t\t<div class=\"elementor-column elementor-col-100 elementor-top-column elementor-element elementor-element-a6dcb4f\" data-id=\"a6dcb4f\" data-element_type=\"column\" data-e-type=\"column\">\n\t\t\t<div class=\"elementor-widget-wrap elementor-element-populated\">\n\t\t\t\t\t\t<div class=\"elementor-element elementor-element-7090d7e elementor-tabs-view-horizontal elementor-widget elementor-widget-tabs\" data-id=\"7090d7e\" data-element_type=\"widget\" data-e-type=\"widget\" data-widget_type=\"tabs.default\">\n\t\t\t\t<div class=\"elementor-widget-container\">\n\t\t\t\t\t\t\t<div class=\"elementor-tabs\">\n\t\t\t<div class=\"elementor-tabs-wrapper\" role=\"tablist\" >\n\t\t\t\t\t\t\t\t\t<div id=\"elementor-tab-title-1181\" class=\"elementor-tab-title elementor-tab-desktop-title\" aria-selected=\"true\" data-tab=\"1\" role=\"tab\" tabindex=\"0\" aria-controls=\"elementor-tab-content-1181\" aria-expanded=\"false\">INSTITUCIONES EDUCATIVAS <\/div>\n\t\t\t\t\t\t\t\t\t<div id=\"elementor-tab-title-1182\" class=\"elementor-tab-title elementor-tab-desktop-title\" aria-selected=\"false\" data-tab=\"2\" role=\"tab\" tabindex=\"-1\" aria-controls=\"elementor-tab-content-1182\" aria-expanded=\"false\">MARCO NORMATIVO<\/div>\n\t\t\t\t\t\t\t\t\t<div id=\"elementor-tab-title-1183\" class=\"elementor-tab-title elementor-tab-desktop-title\" aria-selected=\"false\" data-tab=\"3\" role=\"tab\" tabindex=\"-1\" aria-controls=\"elementor-tab-content-1183\" aria-expanded=\"false\">MATERIAL EDUCATIVO<\/div>\n\t\t\t\t\t\t\t\t\t<div id=\"elementor-tab-title-1184\" class=\"elementor-tab-title elementor-tab-desktop-title\" aria-selected=\"false\" data-tab=\"4\" role=\"tab\" tabindex=\"-1\" aria-controls=\"elementor-tab-content-1184\" aria-expanded=\"false\">CARACTERIZACI\u00d3N DE LENGUA ORIGINARIA <\/div>\n\t\t\t\t\t\t\t\t\t<div id=\"elementor-tab-title-1185\" class=\"elementor-tab-title elementor-tab-desktop-title\" aria-selected=\"false\" data-tab=\"5\" role=\"tab\" tabindex=\"-1\" aria-controls=\"elementor-tab-content-1185\" aria-expanded=\"false\">EVALUACI\u00d3N DE LENGUA ORIGINARIA<\/div>\n\t\t\t\t\t\t\t\t\t<div id=\"elementor-tab-title-1186\" class=\"elementor-tab-title elementor-tab-desktop-title\" aria-selected=\"false\" data-tab=\"6\" role=\"tab\" tabindex=\"-1\" aria-controls=\"elementor-tab-content-1186\" aria-expanded=\"false\">CURSOS PER\u00da EDUCA <\/div>\n\t\t\t\t\t\t\t<\/div>\n\t\t\t<div class=\"elementor-tabs-content-wrapper\" role=\"tablist\" aria-orientation=\"vertical\">\n\t\t\t\t\t\t\t\t\t<div class=\"elementor-tab-title elementor-tab-mobile-title\" aria-selected=\"true\" data-tab=\"1\" role=\"tab\" tabindex=\"0\" aria-controls=\"elementor-tab-content-1181\" aria-expanded=\"false\">INSTITUCIONES EDUCATIVAS <\/div>\n\t\t\t\t\t<div id=\"elementor-tab-content-1181\" class=\"elementor-tab-content elementor-clearfix\" data-tab=\"1\" role=\"tabpanel\" aria-labelledby=\"elementor-tab-title-1181\" tabindex=\"0\" hidden=\"false\"><ul><li><a href=\"https:\/\/drive.google.com\/file\/d\/1WWkcERodlYTqKsyvj_9GvuNUSbTflGiA\/view?usp=sharing\">IIEE EIB &#8211; PRONOEI<\/a>.<\/li><li><a href=\"https:\/\/drive.google.com\/file\/d\/1NaQEQrPebyM86hRdkkluSlg2HBeYT68W\/view?usp=sharing\">IIEE EIB &#8211; NIVEL SECUNDARIA.<\/a><\/li><li><a href=\"https:\/\/drive.google.com\/file\/d\/1N5Bh6-Bn2O28kZWsuHX8iDkh-WcdBcO_\/view?usp=sharing\">IIEE EIB &#8211; NIVEL PRIMARIA.<\/a><\/li><li><a href=\"https:\/\/drive.google.com\/file\/d\/1o6yL7TLJQLPYjJqqWI9sSzZQcQ3CikCF\/view?usp=sharing\">IIEE EIB &#8211; NIVEL INICIAL.<\/a><\/li><li><a href=\"https:\/\/drive.google.com\/file\/d\/1wiR2Louurr5tHkVvPWhLL1oJoIGqFh6C\/view?usp=sharing\">IIEE EIB &#8211; RESUMEN .<\/a><\/li><\/ul><\/div>\n\t\t\t\t\t\t\t\t\t<div class=\"elementor-tab-title elementor-tab-mobile-title\" aria-selected=\"false\" data-tab=\"2\" role=\"tab\" tabindex=\"-1\" aria-controls=\"elementor-tab-content-1182\" aria-expanded=\"false\">MARCO NORMATIVO<\/div>\n\t\t\t\t\t<div id=\"elementor-tab-content-1182\" class=\"elementor-tab-content elementor-clearfix\" data-tab=\"2\" role=\"tabpanel\" aria-labelledby=\"elementor-tab-title-1182\" tabindex=\"0\" hidden=\"hidden\"><ul><li><a href=\"https:\/\/drive.google.com\/file\/d\/1WctJIZGSWPHA_tqZdtlcoRqfAbfsWk4c\/view?usp=sharing\">RVM N\u00b0 158-2022-MINEDU<\/a><\/li><li><a href=\"https:\/\/drive.google.com\/file\/d\/1R3biFSiZRFAdeIPYiRfDZEV_bFR8NiVX\/view?usp=sharing\">RVM N\u00b0 185-2019-MINEDU<\/a><\/li><li><a href=\"https:\/\/drive.google.com\/file\/d\/1YWb3WEQMXk6vS6D0Yt60j5V0h-fRf_29\/view?usp=sharing\">RM N\u00b0 646-2018-MINEDU<\/a><\/li><li><a href=\"https:\/\/drive.google.com\/file\/d\/1HjwMz2VDgtwAMwcOtRtAI1iL6iSEgPzd\/view?usp=sharing\">RM N\u00b0 0630-2013-ED<\/a><\/li><li><a href=\"https:\/\/drive.google.com\/file\/d\/1sChQbdgQ4XghgEEYmGi_o7TZg9Tz8mur\/view?usp=sharing\">RM N\u00b0 0629-2016-MINEDU<\/a><\/li><li><a href=\"https:\/\/drive.google.com\/file\/d\/1BS87tC63IJcd3GVEBZgDZf2iz9DtJ8G5\/view?usp=sharing\">RM N\u00b0 519-2018-MINEDU<\/a><\/li><li><a href=\"https:\/\/drive.google.com\/file\/d\/1o3k7usCin6OOfcbdZiH119K-wTvOG087\/view?usp=sharing\">RM N\u00b0 1218-85-ED<\/a><\/li><li><a href=\"https:\/\/drive.google.com\/file\/d\/11-NtfhAghfp5Or-V2VC0ySoXCRZ5vRIC\/view?usp=sharing\">LEY 29735<\/a><\/li><li><a href=\"https:\/\/drive.google.com\/file\/d\/15oeZwsjWrJXRx_4-hDjTE_aYNKBk_kaq\/view?usp=sharing\">LEY 28044 &#8211; LEY GENERAL DE<\/a> EDUCACI\u00d3N<\/li><li><a href=\"https:\/\/drive.google.com\/file\/d\/1ETmBkoZhf9huMRWvIRKa1SkooeP7ZeTM\/view?usp=sharing\">LEY 27818 &#8211; EDUCACI\u00d3N INTERCULTURAL BILINGUE<\/a><\/li><li><a href=\"https:\/\/drive.google.com\/file\/d\/1xr0QGareRNYQjVlZCb8Dsy5vVk70k0yc\/view?usp=sharing\">\u00a0DS N\u00b0 006-2016-MINEDU &#8211; POLITICA SECTORIAL DE EIB<\/a><\/li><li><a href=\"https:\/\/drive.google.com\/file\/d\/1Dn-7zXePlrWgfLmZp-z1E9o46Ir9ZZIF\/view?usp=sharing\">DS N\u00b0 019-2020-DM &#8211; MEDIDAS COMPLEMENTARIAS PARA MAPA ETNOLINGUISTICO DEL PER\u00da<\/a><\/li><li><a href=\"https:\/\/drive.google.com\/file\/d\/1GEIVHe3ZFH159-76Qn-7tr8OH9am5PEh\/view?usp=sharing\">DS N\u00b0 009-2021-MC &#8211; ACTUALIZACION DEL MAPA ETNOLINGUISTICO\u00a0<\/a><\/li><li><a href=\"https:\/\/drive.google.com\/file\/d\/1N74-WlTVvJfq-PGSPcjz95gqlLolvP4v\/view?usp=sharing\">DS N\u00b0 009-2021-MC &#8211; ANEXO\u00a0<\/a><\/li><li><a href=\"https:\/\/drive.google.com\/file\/d\/1npsZz2U04kCTAScDJ2WdtN6d8bB8ftEn\/view?usp=sharing\">DS N\u00b0 009-2019-MC -LINEAMIENTOS PARA INCORPORAR EL ENFOQUE INTERCULTURAL EN LA PREVENCI\u00d3N, ATENCI\u00d3N y PRTECCI\u00d3N FRENTE A LA VIOLENCIA SEXUAL CONTRA NI\u00d1AS, NI\u00d1OS, ADOLECENTES Y MUJERES INDIGENAS U ORIGINARIAS<\/a><\/li><li><a href=\"https:\/\/drive.google.com\/file\/d\/1CYjS-t7PvPmINnKiNWhcIZRy0iHyepN4\/view?usp=sharing\">DS N\u00b0 011-2018-MINEDU\u00a0 &#8211; APRUEBA MAPA ETNOLINGUISTICO\u00a0<\/a><\/li><\/ul><\/div>\n\t\t\t\t\t\t\t\t\t<div class=\"elementor-tab-title elementor-tab-mobile-title\" aria-selected=\"false\" data-tab=\"3\" role=\"tab\" tabindex=\"-1\" aria-controls=\"elementor-tab-content-1183\" aria-expanded=\"false\">MATERIAL EDUCATIVO<\/div>\n\t\t\t\t\t<div id=\"elementor-tab-content-1183\" class=\"elementor-tab-content elementor-clearfix\" data-tab=\"3\" role=\"tabpanel\" aria-labelledby=\"elementor-tab-title-1183\" tabindex=\"0\" hidden=\"hidden\"><\/div>\n\t\t\t\t\t\t\t\t\t<div class=\"elementor-tab-title elementor-tab-mobile-title\" aria-selected=\"false\" data-tab=\"4\" role=\"tab\" tabindex=\"-1\" aria-controls=\"elementor-tab-content-1184\" aria-expanded=\"false\">CARACTERIZACI\u00d3N DE LENGUA ORIGINARIA <\/div>\n\t\t\t\t\t<div id=\"elementor-tab-content-1184\" class=\"elementor-tab-content elementor-clearfix\" data-tab=\"4\" role=\"tabpanel\" aria-labelledby=\"elementor-tab-title-1184\" tabindex=\"0\" hidden=\"hidden\"><ul><li><a href=\"https:\/\/drive.google.com\/file\/d\/1mNcZtE3r2WjNt4Dftv-N03NHAQfSmwPB\/view?usp=sharing\">MANUAL INSCRIPCI\u00d3N CARACTERIZACI\u00d3N DE IIEE 2023<\/a><\/li><li><a href=\"https:\/\/drive.google.com\/file\/d\/19JjIKYgTNG2KPNEbGsnF1xn5zraP2XPt\/view?usp=sharing\">OFICIO MULTIPLE N\u00b0 00039-2023-MINEDU\/VMGP-DIGEIBIRA &#8211; PROCESO DE CARACTERIZACI\u00d3N DE IIEE EIB 2023<\/a><\/li><li><a href=\"https:\/\/drive.google.com\/file\/d\/1iRiw01M7xVA7CX_bJaIlVTX4yNqfbvEv\/view?usp=sharing\">OFICIO MULTIPLE N\u00b0 130-2022-GR CUSCO\/GEREDU-C\/DIGEP<\/a><\/li><\/ul><\/div>\n\t\t\t\t\t\t\t\t\t<div class=\"elementor-tab-title elementor-tab-mobile-title\" aria-selected=\"false\" data-tab=\"5\" role=\"tab\" tabindex=\"-1\" aria-controls=\"elementor-tab-content-1185\" aria-expanded=\"false\">EVALUACI\u00d3N DE LENGUA ORIGINARIA<\/div>\n\t\t\t\t\t<div id=\"elementor-tab-content-1185\" class=\"elementor-tab-content elementor-clearfix\" data-tab=\"5\" role=\"tabpanel\" aria-labelledby=\"elementor-tab-title-1185\" tabindex=\"0\" hidden=\"hidden\"><\/div>\n\t\t\t\t\t\t\t\t\t<div class=\"elementor-tab-title elementor-tab-mobile-title\" aria-selected=\"false\" data-tab=\"6\" role=\"tab\" tabindex=\"-1\" aria-controls=\"elementor-tab-content-1186\" aria-expanded=\"false\">CURSOS PER\u00da EDUCA <\/div>\n\t\t\t\t\t<div id=\"elementor-tab-content-1186\" class=\"elementor-tab-content elementor-clearfix\" data-tab=\"6\" role=\"tabpanel\" aria-labelledby=\"elementor-tab-title-1186\" tabindex=\"0\" hidden=\"hidden\"><\/div>\n\t\t\t\t\t\t\t<\/div>\n\t\t<\/div>\n\t\t\t\t\t\t<\/div>\n\t\t\t\t<\/div>\n\t\t\t\t\t<\/div>\n\t\t<\/div>\n\t\t\t\t\t<\/div>\n\t\t<\/section>\n\t\t\t\t<\/div>\n\t\t","protected":false},"excerpt":{"rendered":"<p>INSTITUCIONES EDUCATIVAS MARCO NORMATIVO MATERIAL EDUCATIVO CARACTERIZACI\u00d3N DE LENGUA ORIGINARIA EVALUACI\u00d3N DE LENGUA ORIGINARIA CURSOS PER\u00da EDUCA INSTITUCIONES EDUCATIVAS IIEE EIB &#8211; PRONOEI. IIEE EIB &#8211; NIVEL SECUNDARIA. IIEE EIB &#8211; NIVEL PRIMARIA. IIEE EIB &#8211; NIVEL INICIAL. IIEE EIB &#8211; RESUMEN . MARCO NORMATIVO RVM N\u00b0 158-2022-MINEDU RVM N\u00b0 185-2019-MINEDU RM N\u00b0 646-2018-MINEDU RM [&hellip;]<\/p>\n","protected":false},"author":1,"featured_media":0,"parent":0,"menu_order":0,"comment_status":"closed","ping_status":"closed","template":"","meta":{"qubely_global_settings":"","qubely_interactions":"","footnotes":""},"class_list":["post-13322","page","type-page","status-publish","hentry"],"_links":{"self":[{"href":"https:\/\/ugelcusco.gob.pe\/ws\/wp-json\/wp\/v2\/pages\/13322","targetHints":{"allow":["GET"]}}],"collection":[{"href":"https:\/\/ugelcusco.gob.pe\/ws\/wp-json\/wp\/v2\/pages"}],"about":[{"href":"https:\/\/ugelcusco.gob.pe\/ws\/wp-json\/wp\/v2\/types\/page"}],"author":[{"embeddable":true,"href":"https:\/\/ugelcusco.gob.pe\/ws\/wp-json\/wp\/v2\/users\/1"}],"replies":[{"embeddable":true,"href":"https:\/\/ugelcusco.gob.pe\/ws\/wp-json\/wp\/v2\/comments?post=13322"}],"version-history":[{"count":28,"href":"https:\/\/ugelcusco.gob.pe\/ws\/wp-json\/wp\/v2\/pages\/13322\/revisions"}],"predecessor-version":[{"id":14247,"href":"https:\/\/ugelcusco.gob.pe\/ws\/wp-json\/wp\/v2\/pages\/13322\/revisions\/14247"}],"wp:attachment":[{"href":"https:\/\/ugelcusco.gob.pe\/ws\/wp-json\/wp\/v2\/media?parent=13322"}],"curies":[{"name":"wp","href":"https:\/\/api.w.org\/{rel}","templated":true}]}}