{"id":16731,"date":"2024-02-22T12:47:41","date_gmt":"2024-02-22T17:47:41","guid":{"rendered":"https:\/\/ugelcusco.gob.pe\/ws\/?page_id=16731"},"modified":"2024-02-22T12:59:17","modified_gmt":"2024-02-22T17:59:17","slug":"directivas","status":"publish","type":"page","link":"https:\/\/ugelcusco.gob.pe\/ws\/directivas\/","title":{"rendered":"directivas"},"content":{"rendered":"\t\t<div data-elementor-type=\"wp-page\" data-elementor-id=\"16731\" class=\"elementor elementor-16731\">\n\t\t\t\t\t\t<section class=\"elementor-section elementor-top-section elementor-element elementor-element-3640ed7 elementor-section-boxed elementor-section-height-default elementor-section-height-default\" data-id=\"3640ed7\" data-element_type=\"section\" data-e-type=\"section\">\n\t\t\t\t\t\t<div class=\"elementor-container elementor-column-gap-default\">\n\t\t\t\t\t<div class=\"elementor-column elementor-col-100 elementor-top-column elementor-element elementor-element-995d85d\" data-id=\"995d85d\" data-element_type=\"column\" data-e-type=\"column\">\n\t\t\t<div class=\"elementor-widget-wrap elementor-element-populated\">\n\t\t\t\t\t\t<div class=\"elementor-element elementor-element-3ad7924 elementor-widget elementor-widget-heading\" data-id=\"3ad7924\" data-element_type=\"widget\" data-e-type=\"widget\" data-widget_type=\"heading.default\">\n\t\t\t\t<div class=\"elementor-widget-container\">\n\t\t\t\t\t<h2 class=\"elementor-heading-title elementor-size-default\">ULTIMAS DIRECTIVAS APROBADAS<\/h2>\t\t\t\t<\/div>\n\t\t\t\t<\/div>\n\t\t\t\t\t<\/div>\n\t\t<\/div>\n\t\t\t\t\t<\/div>\n\t\t<\/section>\n\t\t\t\t<section class=\"elementor-section elementor-top-section elementor-element elementor-element-623867b elementor-section-boxed elementor-section-height-default elementor-section-height-default\" data-id=\"623867b\" data-element_type=\"section\" data-e-type=\"section\">\n\t\t\t\t\t\t<div class=\"elementor-container elementor-column-gap-default\">\n\t\t\t\t\t<div class=\"elementor-column elementor-col-100 elementor-top-column elementor-element elementor-element-ca585e6\" data-id=\"ca585e6\" data-element_type=\"column\" data-e-type=\"column\">\n\t\t\t<div class=\"elementor-widget-wrap elementor-element-populated\">\n\t\t\t\t\t\t<div class=\"elementor-element elementor-element-436a19d elementor-widget elementor-widget-wp-widget-wpmm_grid_posts_widget\" data-id=\"436a19d\" data-element_type=\"widget\" data-e-type=\"widget\" data-widget_type=\"wp-widget-wpmm_grid_posts_widget.default\">\n\t\t\t\t<div class=\"elementor-widget-container\">\n\t\t\t\t\t<div class=\"wpmm-grid-post-addons wpmm-grid-post-row\"><div class=\"wpmm-grid-post col4\"><div class=\"wpmm-grid-post-content\"><div class=\"wpmm-grid-post-img-wrap\"><a href=\"https:\/\/ugelcusco.gob.pe\/ws\/resolucion-directoral-n-1333-2026\/\"><div class=\"wpmm-grid-post-img\" style=\"background: url(https:\/\/ugelcusco.gob.pe\/ws\/wp-content\/uploads\/2026\/03\/rd.png) no-repeat;background-size: cover;\"><\/div><\/a><span class=\"post-in-image\"><a href=\"https:\/\/ugelcusco.gob.pe\/ws\/category\/directivas\/\" rel=\"category tag\">Directivas<\/a><\/span><\/div><h4 class=\"grid-post-title\"><a href=\"https:\/\/ugelcusco.gob.pe\/ws\/resolucion-directoral-n-1333-2026\/\">Resolucion Directoral N\u00b0 1333-2026,<\/a><\/h4><\/div><\/div><div class=\"wpmm-grid-post col4\"><div class=\"wpmm-grid-post-content\"><div class=\"wpmm-grid-post-img-wrap\"><a href=\"https:\/\/ugelcusco.gob.pe\/ws\/resolucion-directoral-n-6289-2025\/\"><div class=\"wpmm-grid-post-img\" style=\"background: url(https:\/\/ugelcusco.gob.pe\/ws\/wp-content\/uploads\/2025\/12\/RD_6289.png) no-repeat;background-size: cover;\"><\/div><\/a><span class=\"post-in-image\"><a href=\"https:\/\/ugelcusco.gob.pe\/ws\/category\/directivas\/\" rel=\"category tag\">Directivas<\/a><\/span><\/div><h4 class=\"grid-post-title\"><a href=\"https:\/\/ugelcusco.gob.pe\/ws\/resolucion-directoral-n-6289-2025\/\">Resoluci\u00f3n Directoral N.\u00b0 6289-2025<\/a><\/h4><\/div><\/div><div class=\"wpmm-grid-post col4\"><div class=\"wpmm-grid-post-content\"><div class=\"wpmm-grid-post-img-wrap\"><a href=\"https:\/\/ugelcusco.gob.pe\/ws\/resolucion-directoral-n-3967-2025-ugel-cusco-lineamientos-para-la-toma-de-inventario-fisico-de-bienes-muebles-patrimoniales-en-la-sede-administrativa-e-instituciones-educativas-ebr-eba-ebe\/\"><div class=\"wpmm-grid-post-img\" style=\"background: url(https:\/\/ugelcusco.gob.pe\/ws\/wp-content\/uploads\/2025\/09\/RD-3967.png) no-repeat;background-size: cover;\"><\/div><\/a><span class=\"post-in-image\"><a href=\"https:\/\/ugelcusco.gob.pe\/ws\/category\/directivas\/\" rel=\"category tag\">Directivas<\/a><\/span><\/div><h4 class=\"grid-post-title\"><a href=\"https:\/\/ugelcusco.gob.pe\/ws\/resolucion-directoral-n-3967-2025-ugel-cusco-lineamientos-para-la-toma-de-inventario-fisico-de-bienes-muebles-patrimoniales-en-la-sede-administrativa-e-instituciones-educativas-ebr-eba-ebe\/\">Resoluci\u00f3n Directoral N.\u00b0 3967-2025-UGEL CUSCO, LINEAMIENTOS PARA LA TOMA DE INVENTARIO F\u00cdSICO DE BIENES MUEBLES PATRIMONIALES EN LA SEDE ADMINISTRATIVA E INSTITUCIONES EDUCATIVAS (EBR, EBA, EBE Y CETPRO) DEL AMBITO JURISDICCIONAL DE LA UGEL CUSCO<\/a><\/h4><\/div><\/div><div class=\"wpmm-grid-post col4\"><div class=\"wpmm-grid-post-content\"><div class=\"wpmm-grid-post-img-wrap\"><a href=\"https:\/\/ugelcusco.gob.pe\/ws\/directiva-n-008-2025-grc-geredu-c-dugel-disposiciones-para-el-manejo-y-control-de-gestion-de-los-recursos-propios-para-las-instituciones-publicas-de-educacion-basica-de-la-jurisdiccion\/\"><div class=\"wpmm-grid-post-img\" style=\"background: url(https:\/\/ugelcusco.gob.pe\/ws\/wp-content\/uploads\/2025\/06\/rd08.png) no-repeat;background-size: cover;\"><\/div><\/a><span class=\"post-in-image\"><a href=\"https:\/\/ugelcusco.gob.pe\/ws\/category\/directivas\/\" rel=\"category tag\">Directivas<\/a><\/span><\/div><h4 class=\"grid-post-title\"><a href=\"https:\/\/ugelcusco.gob.pe\/ws\/directiva-n-008-2025-grc-geredu-c-dugel-disposiciones-para-el-manejo-y-control-de-gestion-de-los-recursos-propios-para-las-instituciones-publicas-de-educacion-basica-de-la-jurisdiccion\/\">DIRECTIVA N\u00b0 008-2025-GRC\/GEREDU-C\/DUGEL (DISPOSICIONES PARA EL MANEJO Y CONTROL DE GESTI\u00d3N DE LOS RECURSOS PROPIOS PARA LAS INSTITUCIONES P\u00daBLICAS DE EDUCACI\u00d3N BASICA DE LA JURISDICCI\u00d3N<\/a><\/h4><\/div><\/div><div class=\"wpmm-grid-post col4\"><div class=\"wpmm-grid-post-content\"><div class=\"wpmm-grid-post-img-wrap\"><a href=\"https:\/\/ugelcusco.gob.pe\/ws\/normas-y-orientaciones-para-el-desfile-flklorico-escolar-en-homenaje-a-las-fiestas-jubilares-del-cusco-2024\/\"><div class=\"wpmm-grid-post-img\" style=\"background: url(https:\/\/ugelcusco.gob.pe\/ws\/wp-content\/uploads\/2024\/05\/normativa.png) no-repeat;background-size: cover;\"><\/div><\/a><span class=\"post-in-image\"><a href=\"https:\/\/ugelcusco.gob.pe\/ws\/category\/directivas\/\" rel=\"category tag\">Directivas<\/a><\/span><\/div><h4 class=\"grid-post-title\"><a href=\"https:\/\/ugelcusco.gob.pe\/ws\/normas-y-orientaciones-para-el-desfile-flklorico-escolar-en-homenaje-a-las-fiestas-jubilares-del-cusco-2024\/\">NORMAS Y ORIENTACIONES PARA EL DESFILE FOLKLORICO ESCOLAR EN HOMENAJE A LAS FIESTAS JUBILARES DEL CUSCO 2024<\/a><\/h4><\/div><\/div><div class=\"wpmm-grid-post col4\"><div class=\"wpmm-grid-post-content\"><div class=\"wpmm-grid-post-img-wrap\"><a href=\"https:\/\/ugelcusco.gob.pe\/ws\/resolucion-directoral-n-0264-2024\/\"><div class=\"wpmm-grid-post-img\" style=\"background: url(https:\/\/ugelcusco.gob.pe\/ws\/wp-content\/uploads\/2024\/02\/image-11.png) no-repeat;background-size: cover;\"><\/div><\/a><span class=\"post-in-image\"><a href=\"https:\/\/ugelcusco.gob.pe\/ws\/category\/directivas\/\" rel=\"category tag\">Directivas<\/a><\/span><\/div><h4 class=\"grid-post-title\"><a href=\"https:\/\/ugelcusco.gob.pe\/ws\/resolucion-directoral-n-0264-2024\/\">R.D. N\u00b0 0264-2024 &#8211; \u00abDISPOSICIONES PARA EL MANEJO Y CONTROL DE GESTI\u00d3N DE LOS RECURSOS PROPIOS PARA LAS INSTITUCIONES P\u00daBLICAS DE EDUCACI\u00d3N T\u00c9CNICO PRODUCTIVO DE LA JURISDICCI\u00d3N DE LA UNIDAD DE GESTI\u00d3N EDUCATIVA LOCAL CUSCO, PARA EL A\u00d1O 2024\u00bb<\/a><\/h4><\/div><\/div><div class=\"wpmm-grid-post col4\"><div class=\"wpmm-grid-post-content\"><div class=\"wpmm-grid-post-img-wrap\"><a href=\"https:\/\/ugelcusco.gob.pe\/ws\/r-d-n-7314-2023-disposiciones-para-el-manejo-y-control-de-gestion-de-los-recursos-propios-para-las-instituciones-publicas-de-educacion-basica-de-la-jurisdiccion-de-la-unidad-de-gestion-educ\/\"><div class=\"wpmm-grid-post-img\" style=\"background: url(https:\/\/ugelcusco.gob.pe\/ws\/wp-content\/uploads\/2024\/02\/image-12.png) no-repeat;background-size: cover;\"><\/div><\/a><span class=\"post-in-image\"><a href=\"https:\/\/ugelcusco.gob.pe\/ws\/category\/directivas\/\" rel=\"category tag\">Directivas<\/a><\/span><\/div><h4 class=\"grid-post-title\"><a href=\"https:\/\/ugelcusco.gob.pe\/ws\/r-d-n-7314-2023-disposiciones-para-el-manejo-y-control-de-gestion-de-los-recursos-propios-para-las-instituciones-publicas-de-educacion-basica-de-la-jurisdiccion-de-la-unidad-de-gestion-educ\/\">R.D. N\u00b0 7314-2023 &#8211; \u00abDISPOSICIONES PARA EL MANEJO Y CONTROL DE GESTI\u00d3N DE LOS RECURSOS PROPIOS PARA LAS INSTITUCIONES P\u00daBLICAS DE EDUCACI\u00d3N B\u00c1SICA DE LA JURISDICCI\u00d3N DE LA UNIDAD DE GESTI\u00d3N EDUCATIVA LOCAL DEL CUSCO PARA EL A\u00d1O FISCAL 2023 Y A\u00d1O 2024\u00bb<\/a><\/h4><\/div><\/div><div class=\"wpmm-grid-post col4\"><div class=\"wpmm-grid-post-content\"><div class=\"wpmm-grid-post-img-wrap\"><a href=\"https:\/\/ugelcusco.gob.pe\/ws\/resolucion-directoral-n-7745-2023\/\"><div class=\"wpmm-grid-post-img\" style=\"background: url(https:\/\/ugelcusco.gob.pe\/ws\/wp-content\/uploads\/2023\/12\/image-15.png) no-repeat;background-size: cover;\"><\/div><\/a><span class=\"post-in-image\"><a href=\"https:\/\/ugelcusco.gob.pe\/ws\/category\/directivas\/\" rel=\"category tag\">Directivas<\/a><\/span><\/div><h4 class=\"grid-post-title\"><a href=\"https:\/\/ugelcusco.gob.pe\/ws\/resolucion-directoral-n-7745-2023\/\">Resolucion Directoral N\u00b0 7745-2023<\/a><\/h4><\/div><\/div><\/div><span data-count=\"8\" data-showcat=\"on\" data-type=\"post\" data-category=\"directivas\" data-current=\"1\" data-oderby=\"latest\" data-column=\"col4\"  data-total=\"1\" class=\"dashicons dashicons-arrow-left-alt2 wpmm-left wpmm-gridcontrol-left disablebtn\"><\/span><span data-count=\"8\" data-showcat=\"on\" data-type=\"post\" data-category=\"directivas\"  data-current=\"1\" data-oderby=\"latest\" data-column=\"col4\"  data-total=\"1\" class=\"dashicons dashicons-arrow-right-alt2 wpmm-right wpmm-gridcontrol-right disablebtn\"><\/span>\t\t\t\t<\/div>\n\t\t\t\t<\/div>\n\t\t\t\t\t<\/div>\n\t\t<\/div>\n\t\t\t\t\t<\/div>\n\t\t<\/section>\n\t\t\t\t<\/div>\n\t\t","protected":false},"excerpt":{"rendered":"<p>ULTIMAS DIRECTIVAS APROBADAS<\/p>\n","protected":false},"author":1,"featured_media":0,"parent":0,"menu_order":0,"comment_status":"closed","ping_status":"closed","template":"","meta":{"qubely_global_settings":"","qubely_interactions":"","footnotes":""},"class_list":["post-16731","page","type-page","status-publish","hentry"],"_links":{"self":[{"href":"https:\/\/ugelcusco.gob.pe\/ws\/wp-json\/wp\/v2\/pages\/16731","targetHints":{"allow":["GET"]}}],"collection":[{"href":"https:\/\/ugelcusco.gob.pe\/ws\/wp-json\/wp\/v2\/pages"}],"about":[{"href":"https:\/\/ugelcusco.gob.pe\/ws\/wp-json\/wp\/v2\/types\/page"}],"author":[{"embeddable":true,"href":"https:\/\/ugelcusco.gob.pe\/ws\/wp-json\/wp\/v2\/users\/1"}],"replies":[{"embeddable":true,"href":"https:\/\/ugelcusco.gob.pe\/ws\/wp-json\/wp\/v2\/comments?post=16731"}],"version-history":[{"count":8,"href":"https:\/\/ugelcusco.gob.pe\/ws\/wp-json\/wp\/v2\/pages\/16731\/revisions"}],"predecessor-version":[{"id":16760,"href":"https:\/\/ugelcusco.gob.pe\/ws\/wp-json\/wp\/v2\/pages\/16731\/revisions\/16760"}],"wp:attachment":[{"href":"https:\/\/ugelcusco.gob.pe\/ws\/wp-json\/wp\/v2\/media?parent=16731"}],"curies":[{"name":"wp","href":"https:\/\/api.w.org\/{rel}","templated":true}]}}