{"id":2334,"date":"2017-03-15T04:49:29","date_gmt":"2017-03-15T04:49:29","guid":{"rendered":"https:\/\/demo.themeum.com\/wordpress\/educon\/?page_id=2334"},"modified":"2022-07-11T16:44:15","modified_gmt":"2022-07-11T21:44:15","slug":"nosotros","status":"publish","type":"page","link":"https:\/\/ugelcusco.gob.pe\/ws\/nosotros\/","title":{"rendered":"Nosotros"},"content":{"rendered":"<p>[vc_row css=\u00bb.vc_custom_1593789485755{margin-bottom: 50px !important;padding-top: 30px !important;padding-right: 15px !important;padding-left: 15px !important;background-color: #ffffff !important;}\u00bb][vc_column width=\u00bb1\/2&#8243;]<div class=\"addon-themeum-title \" style=\"text-align:left;\"><div class=\"themeum-title title-leftborder leftborder\"><h1 class=\"thm-titlecustomstyle\" style=\"font-size:16px;word-wrap: break-word;color:#000000;font-weight:700;margin:0px 0 26px 0;padding:0px;\">DIRECCI\u00d3N - UGEL CUSCO<\/h1><\/div><\/div>[vc_single_image image=\u00bb10921&#8243; img_size=\u00bbmedium\u00bb add_caption=\u00bbyes\u00bb alignment=\u00bbcenter\u00bb style=\u00bbvc_box_border_circle_2&#8243; css=\u00bb.vc_custom_1657575845477{margin-top: 64px !important;}\u00bb][vc_column_text css=\u00bb.vc_custom_1595716220425{margin-top: -20px !important;}\u00bb]<\/p>\n<h5 style=\"text-align: center; color: black;\"><strong>Director de la UGEL Cusco<\/strong><\/h5>\n<p>[\/vc_column_text][\/vc_column][vc_column width=\u00bb1\/2&#8243;]<div class=\"addon-themeum-title \" style=\"text-align:left;\"><div class=\"themeum-title title-leftborder leftborder\"><h2 class=\"thm-titlecustomstyle\" style=\"font-size:16px;word-wrap: break-word;color:#000000;font-weight:700;margin:0 0px 26px 0px;padding:0px;\">Misi\u00f3n<\/h2><\/div><\/div>[vc_column_text]La Unidad de Gesti\u00f3n Educativa Local Cusco, es una instituci\u00f3n de servicio y gesti\u00f3n educativa y tiene como misi\u00f3n asegurar y garantizar un servicio educativo de calidad en todos los niveles para toda la comunidad educativa fortaleciendo las capacidades de los educadores y personal del \u00e1mbito educativo.[\/vc_column_text]<div class=\"addon-themeum-title \" style=\"text-align:left;\"><div class=\"themeum-title title-leftborder leftborder\"><h2 class=\"thm-titlecustomstyle\" style=\"font-size:16px;word-wrap: break-word;color:#000000;font-weight:700;margin:0 0px 26px 0px;padding:0px;\">Visi\u00f3n<\/h2><\/div><\/div>[vc_column_text]La Unidad de Gesti\u00f3n Educativa Local Cusco tiene como visi\u00f3n, que las personas de la comunidad educativa y personal institucional sean capaces de desenvolverse en la sociedad asegurando docentes competitivos y ofertas educativas pertinentes de calidad, incorporando las nuevas tecnolog\u00edas y retos futuros.[\/vc_column_text][\/vc_column][\/vc_row][vc_row css=\u00bb.vc_custom_1594233369867{margin-bottom: 25px !important;}\u00bb][vc_column]<div class=\"addon-themeum-title \" style=\"text-align:left;\"><div class=\"themeum-title title-leftborder leftborder\"><h1 class=\"thm-titlecustomstyle\" style=\"font-size:16px;word-wrap: break-word;color:#000000;font-weight:700;margin:0px 0 26px 0;padding:0px;\">Enlaces de Inter\u00e9s- Direcci\u00f3n<\/h1><\/div><\/div>[vc_row_inner][vc_column_inner width=\u00bb1\/4&#8243;][vc_single_image image=\u00bb4374&#8243; img_size=\u00bblarge\u00bb alignment=\u00bbcenter\u00bb onclick=\u00bbcustom_link\u00bb img_link_target=\u00bb_blank\u00bb css_animation=\u00bbfadeIn\u00bb link=\u00bbhttp:\/\/www.minedu.gob.pe\/jfen\/\u00bb][\/vc_column_inner][vc_column_inner width=\u00bb1\/4&#8243;][vc_single_image image=\u00bb4377&#8243; img_size=\u00bblarge\u00bb alignment=\u00bbcenter\u00bb onclick=\u00bbcustom_link\u00bb img_link_target=\u00bb_blank\u00bb css_animation=\u00bbfadeIn\u00bb link=\u00bbhttps:\/\/cdn.www.gob.pe\/uploads\/document\/file\/359084\/RVM_N__220-2019-MINEDU_-_NT_AE_2020.pdf\u00bb][\/vc_column_inner][vc_column_inner width=\u00bb1\/4&#8243;][vc_single_image image=\u00bb4376&#8243; img_size=\u00bblarge\u00bb alignment=\u00bbcenter\u00bb onclick=\u00bbcustom_link\u00bb img_link_target=\u00bb_blank\u00bb css_animation=\u00bbfadeIn\u00bb link=\u00bbhttp:\/\/www.minedu.gob.pe\/curriculo\/\u00bb][\/vc_column_inner][vc_column_inner width=\u00bb1\/4&#8243;][vc_single_image image=\u00bb4375&#8243; img_size=\u00bblarge\u00bb alignment=\u00bbcenter\u00bb onclick=\u00bbcustom_link\u00bb img_link_target=\u00bb_blank\u00bb css_animation=\u00bbfadeIn\u00bb link=\u00bbhttp:\/\/comunicado.perueduca.pe\/\u00bb][\/vc_column_inner][\/vc_row_inner][\/vc_column][\/vc_row]<\/p>\n","protected":false},"excerpt":{"rendered":"<p>[vc_row css=\u00bb.vc_custom_1593789485755{margin-bottom: 50px !important;padding-top: 30px !important;padding-right: 15px !important;padding-left: 15px !important;background-color: #ffffff !important;}\u00bb][vc_column width=\u00bb1\/2&#8243;][vc_single_image image=\u00bb10921&#8243; img_size=\u00bbmedium\u00bb add_caption=\u00bbyes\u00bb alignment=\u00bbcenter\u00bb style=\u00bbvc_box_border_circle_2&#8243; css=\u00bb.vc_custom_1657575845477{margin-top: 64px !important;}\u00bb][vc_column_text css=\u00bb.vc_custom_1595716220425{margin-top: -20px !important;}\u00bb] Director de la UGEL Cusco [\/vc_column_text][\/vc_column][vc_column width=\u00bb1\/2&#8243;][vc_column_text]La Unidad de Gesti\u00f3n Educativa Local Cusco, es una instituci\u00f3n de servicio y gesti\u00f3n educativa y tiene como misi\u00f3n asegurar y garantizar un servicio educativo [&hellip;]<\/p>\n","protected":false},"author":1,"featured_media":0,"parent":0,"menu_order":0,"comment_status":"closed","ping_status":"closed","template":"full-page.php","meta":{"qubely_global_settings":"","qubely_interactions":"","footnotes":""},"class_list":["post-2334","page","type-page","status-publish","hentry"],"_links":{"self":[{"href":"https:\/\/ugelcusco.gob.pe\/ws\/wp-json\/wp\/v2\/pages\/2334","targetHints":{"allow":["GET"]}}],"collection":[{"href":"https:\/\/ugelcusco.gob.pe\/ws\/wp-json\/wp\/v2\/pages"}],"about":[{"href":"https:\/\/ugelcusco.gob.pe\/ws\/wp-json\/wp\/v2\/types\/page"}],"author":[{"embeddable":true,"href":"https:\/\/ugelcusco.gob.pe\/ws\/wp-json\/wp\/v2\/users\/1"}],"replies":[{"embeddable":true,"href":"https:\/\/ugelcusco.gob.pe\/ws\/wp-json\/wp\/v2\/comments?post=2334"}],"version-history":[{"count":29,"href":"https:\/\/ugelcusco.gob.pe\/ws\/wp-json\/wp\/v2\/pages\/2334\/revisions"}],"predecessor-version":[{"id":11167,"href":"https:\/\/ugelcusco.gob.pe\/ws\/wp-json\/wp\/v2\/pages\/2334\/revisions\/11167"}],"wp:attachment":[{"href":"https:\/\/ugelcusco.gob.pe\/ws\/wp-json\/wp\/v2\/media?parent=2334"}],"curies":[{"name":"wp","href":"https:\/\/api.w.org\/{rel}","templated":true}]}}