{"id":2922,"date":"2017-03-23T09:44:44","date_gmt":"2017-03-23T09:44:44","guid":{"rendered":"https:\/\/demo.themeum.com\/wordpress\/educon\/?page_id=2922"},"modified":"2021-06-08T03:09:50","modified_gmt":"2021-06-08T08:09:50","slug":"convivencia-escolar","status":"publish","type":"page","link":"https:\/\/ugelcusco.gob.pe\/ws\/convivencia-escolar\/","title":{"rendered":"Convivencia Escolar"},"content":{"rendered":"<p>[vc_row css=\u00bb.vc_custom_1596734101326{margin-top: -70px !important;margin-bottom: 25px !important;}\u00bb][vc_column width=\u00bb4\/5&#8243;]<div class=\"addon-themeum-title \" style=\"text-align:left;\"><div class=\"themeum-title title-normal normal\"><div class=\"thm-sub-titlecustomstylesub\" style=\"font-size:24px;word-wrap: break-word;color:#203864;font-weight:700;margin:0 0 10px 0;\">\u00a1\u00a1\u00a1Bienvenidos a la Plataforma Virtual de CONVIVENCIA ESCOLAR!!!<\/div><div class=\"introtext\" style=\"font-size:14px;word-wrap: break-word;color:#203864;\">El objetivo de la plataforma es brindar de recursos y herramientas para la consolidaci\u00f3n de escuelas acogedoras, protectoras de la integridad f\u00edsica, psicol\u00f3gica y facilitadoras del aprendizaje de las y los estudiantes, mejorando su desempe\u00f1o como educadores que aporten a la mejor convivencia escolar. Este espacio adem\u00e1s cuenta con material audiovisual y afiches informativos para directores, docentes, padres de familia y nuestros estudiantes.<\/div><\/div><\/div>[\/vc_column][vc_column width=\u00bb1\/5&#8243;][vc_single_image image=\u00bb6930&#8243; img_size=\u00bbfull\u00bb alignment=\u00bbcenter\u00bb][\/vc_column][\/vc_row][vc_row][vc_column][vc_single_image image=\u00bb7264&#8243; img_size=\u00bblarge\u00bb alignment=\u00bbcenter\u00bb style=\u00bbvc_box_shadow\u00bb onclick=\u00bblink_image\u00bb][\/vc_column][\/vc_row][vc_row][vc_column][vc_column_text]<\/p>\n<h4><img decoding=\"async\" style=\"width: 70px;\" src=\"https:\/\/ugelcusco.gob.pe\/ws\/wp-content\/uploads\/2021\/02\/icono-file.png\" alt=\"file\" \/>BASES LEGALES<\/h4>\n<p>[\/vc_column_text][vc_row_inner][vc_column_inner width=\u00bb1\/5&#8243; css=\u00bb.vc_custom_1614496860783{padding-right: 30px !important;padding-left: 30px !important;}\u00bb][vc_single_image image=\u00bb7265&#8243; img_size=\u00bbmedium\u00bb alignment=\u00bbcenter\u00bb][vc_btn title=\u00bbDESCARGAR\u00bb color=\u00bbprimary\u00bb size=\u00bbxs\u00bb align=\u00bbcenter\u00bb i_icon_fontawesome=\u00bbfas fa-cloud-download-alt\u00bb add_icon=\u00bbtrue\u00bb link=\u00bburl:https%3A%2F%2Fugelcusco.gob.pe%2Fws%2Fwp-content%2Fuploads%2F2021%2F02%2FNT_RM262.pdf|title:RM-262|target:%20_blank|\u00bb][\/vc_column_inner][vc_column_inner width=\u00bb1\/5&#8243; css=\u00bb.vc_custom_1614496873141{padding-right: 30px !important;padding-left: 30px !important;}\u00bb][vc_single_image image=\u00bb6959&#8243; img_size=\u00bbmedium\u00bb alignment=\u00bbcenter\u00bb][vc_btn title=\u00bbDESCARGAR\u00bb color=\u00bbprimary\u00bb size=\u00bbxs\u00bb align=\u00bbcenter\u00bb i_icon_fontawesome=\u00bbfas fa-cloud-download-alt\u00bb add_icon=\u00bbtrue\u00bb link=\u00bburl:https%3A%2F%2Fugelcusco.gob.pe%2Fws%2Fwp-content%2Fuploads%2F2021%2F02%2FLineamientos.pdf|title:LINEAMIENTOS|target:%20_blank|\u00bb][\/vc_column_inner][vc_column_inner width=\u00bb1\/5&#8243; css=\u00bb.vc_custom_1614496888806{padding-right: 30px !important;padding-left: 30px !important;}\u00bb][vc_single_image image=\u00bb7266&#8243; img_size=\u00bbmedium\u00bb alignment=\u00bbcenter\u00bb][vc_btn title=\u00bbDESCARGAR\u00bb color=\u00bbprimary\u00bb size=\u00bbxs\u00bb align=\u00bbcenter\u00bb i_icon_fontawesome=\u00bbfas fa-cloud-download-alt\u00bb add_icon=\u00bbtrue\u00bb link=\u00bburl:https%3A%2F%2Fugelcusco.gob.pe%2Fws%2Fwp-content%2Fuploads%2F2021%2F02%2FRM_274-2020-MINEDU.pdf|title:RM-274|target:%20_blank|\u00bb][\/vc_column_inner][vc_column_inner width=\u00bb1\/5&#8243; css=\u00bb.vc_custom_1614496900965{padding-right: 30px !important;padding-left: 30px !important;}\u00bb][vc_single_image image=\u00bb7267&#8243; img_size=\u00bbmedium\u00bb alignment=\u00bbcenter\u00bb][vc_btn title=\u00bbDESCARGAR\u00bb color=\u00bbprimary\u00bb size=\u00bbxs\u00bb align=\u00bbcenter\u00bb i_icon_fontawesome=\u00bbfas fa-cloud-download-alt\u00bb add_icon=\u00bbtrue\u00bb link=\u00bburl:https%3A%2F%2Fugelcusco.gob.pe%2Fws%2Fwp-content%2Fuploads%2F2021%2F02%2FRVM_289-2020-MINEDU.pdf|title:RM-289|target:%20_blank|\u00bb][\/vc_column_inner][vc_column_inner width=\u00bb1\/5&#8243; css=\u00bb.vc_custom_1614496917357{padding-right: 30px !important;padding-left: 30px !important;}\u00bb][vc_single_image image=\u00bb7268&#8243; img_size=\u00bbmedium\u00bb alignment=\u00bbcenter\u00bb][vc_btn title=\u00bbDESCARGAR\u00bb color=\u00bbprimary\u00bb size=\u00bbxs\u00bb align=\u00bbcenter\u00bb i_icon_fontawesome=\u00bbfas fa-cloud-download-alt\u00bb add_icon=\u00bbtrue\u00bb link=\u00bburl:https%3A%2F%2Fugelcusco.gob.pe%2Fws%2Fwp-content%2Fuploads%2F2021%2F02%2FModelos_Declaraciones_Juradas.pdf|title:MODELOS%20DECLARACIONES|target:%20_blank|\u00bb][\/vc_column_inner][\/vc_row_inner][\/vc_column][\/vc_row][vc_row][vc_column css=\u00bb.vc_custom_1614535030902{margin-top: 40px !important;}\u00bb][vc_column_text]<\/p>\n<h4><img decoding=\"async\" style=\"width: 70px;\" src=\"https:\/\/ugelcusco.gob.pe\/ws\/wp-content\/uploads\/2021\/02\/icono-file.png\" alt=\"file\" \/>SISEVE<\/h4>\n<p>[\/vc_column_text][vc_row_inner][vc_column_inner width=\u00bb1\/3&#8243; css=\u00bb.vc_custom_1614535053371{padding-right: 20px !important;padding-left: 20px !important;}\u00bb][vc_single_image image=\u00bb7277&#8243; img_size=\u00bbmedium\u00bb alignment=\u00bbcenter\u00bb][vc_btn title=\u00bbVER VIDEO\u00bb color=\u00bbprimary\u00bb size=\u00bbxs\u00bb align=\u00bbcenter\u00bb i_icon_fontawesome=\u00bbfas fa-cloud-download-alt\u00bb add_icon=\u00bbtrue\u00bb link=\u00bburl:https%3A%2F%2Fugelcusco.gob.pe%2Fws%2Fwp-content%2Fuploads%2F2021%2F03%2FSISEVE-Video-2021-03-17-at-09.45.11.mp4|title:SISEVE%20ESTUDIANE%20QUECHUA|target:%20_blank|\u00bb][\/vc_column_inner][vc_column_inner width=\u00bb1\/3&#8243; css=\u00bb.vc_custom_1614535070850{padding-right: 20px !important;padding-left: 20px !important;}\u00bb][vc_single_image image=\u00bb4788&#8243; img_size=\u00bblarge\u00bb alignment=\u00bbcenter\u00bb onclick=\u00bbcustom_link\u00bb img_link_target=\u00bb_blank\u00bb link=\u00bbhttp:\/\/www.siseve.pe\/web\/\u00bb][vc_column_text]<\/p>\n<h5 style=\"color: black; text-align: center;\">Web<\/h5>\n<p>[\/vc_column_text][\/vc_column_inner][vc_column_inner width=\u00bb1\/3&#8243; css=\u00bb.vc_custom_1614535081723{padding-right: 20px !important;padding-left: 20px !important;}\u00bb][vc_single_image image=\u00bb4790&#8243; img_size=\u00bblarge\u00bb alignment=\u00bbcenter\u00bb onclick=\u00bbcustom_link\u00bb img_link_target=\u00bb_blank\u00bb link=\u00bb\/ws\/wp-content\/uploads\/2020\/08\/Como-Funiona-SISEVE-Call-Center.jpg\u00bb][vc_column_text]<\/p>\n<h5 style=\"color: black; text-align: center;\">Call Center<\/h5>\n<p>[\/vc_column_text][\/vc_column_inner][\/vc_row_inner][vc_row_inner][vc_column_inner width=\u00bb1\/2&#8243;][vc_single_image image=\u00bb4777&#8243; img_size=\u00bblarge\u00bb alignment=\u00bbcenter\u00bb onclick=\u00bbcustom_link\u00bb img_link_target=\u00bb_blank\u00bb link=\u00bbhttps:\/\/play.google.com\/store\/apps\/details?id=com.whatsapp&amp;hl=es\u00bb][vc_column_text]<\/p>\n<h5 style=\"color: black; text-align: center;\">Whatsapp &#8211; SISEVE<\/h5>\n<p>[\/vc_column_text][\/vc_column_inner][vc_column_inner width=\u00bb1\/2&#8243;][vc_single_image image=\u00bb7271&#8243; img_size=\u00bbmedium\u00bb alignment=\u00bbcenter\u00bb][vc_btn title=\u00bbDESCARGAR\u00bb color=\u00bbprimary\u00bb size=\u00bbxs\u00bb align=\u00bbcenter\u00bb i_icon_fontawesome=\u00bbfas fa-cloud-download-alt\u00bb add_icon=\u00bbtrue\u00bb link=\u00bburl:https%3A%2F%2Fugelcusco.gob.pe%2Fws%2Fwp-content%2Fuploads%2F2021%2F03%2FAFILIACION-SISEVE-2021-afiche-final.pdf|title:RM-262|target:%20_blank|\u00bb][\/vc_column_inner][\/vc_row_inner][\/vc_column][\/vc_row][vc_row][vc_column][vc_column_text]<\/p>\n<h4><img decoding=\"async\" style=\"width: 70px;\" src=\"https:\/\/ugelcusco.gob.pe\/ws\/wp-content\/uploads\/2021\/02\/icono-file.png\" alt=\"file\" \/>ORIENTACIONES PARA EL REPORTE DE CASOS<\/h4>\n<p>[\/vc_column_text][vc_row_inner][vc_column_inner width=\u00bb1\/2&#8243;][vc_single_image image=\u00bb6984&#8243; img_size=\u00bbmedium\u00bb alignment=\u00bbcenter\u00bb][vc_btn title=\u00bbDESCARGAR\u00bb color=\u00bbprimary\u00bb size=\u00bbxs\u00bb align=\u00bbcenter\u00bb i_icon_fontawesome=\u00bbfas fa-cloud-download-alt\u00bb add_icon=\u00bbtrue\u00bb link=\u00bburl:https%3A%2F%2Fugelcusco.gob.pe%2Fws%2Fwp-content%2Fuploads%2F2021%2F02%2FManual_Usuario_Publico.pdf|title:MANUAL%20SISEVE|target:%20_blank|\u00bb][\/vc_column_inner][vc_column_inner width=\u00bb1\/2&#8243;][vc_single_image image=\u00bb6976&#8243; img_size=\u00bbmedium\u00bb alignment=\u00bbcenter\u00bb][vc_btn title=\u00bbVER VIDEO\u00bb color=\u00bbprimary\u00bb size=\u00bbxs\u00bb align=\u00bbcenter\u00bb i_icon_fontawesome=\u00bbfas fa-cloud-download-alt\u00bb add_icon=\u00bbtrue\u00bb link=\u00bburl:https%3A%2F%2Fugelcusco.gob.pe%2Fws%2Fwp-content%2Fuploads%2F2021%2F02%2FPortal-S%C3%ADseVe-estudiante-en-quechua-1.mp4|title:SISEVE%20ESTUDIANE%20QUECHUA|target:%20_blank|\u00bb][\/vc_column_inner][\/vc_row_inner][vc_row_inner][vc_column_inner width=\u00bb1\/3&#8243; css=\u00bb.vc_custom_1614496860783{padding-right: 30px !important;padding-left: 30px !important;}\u00bb][vc_single_image image=\u00bb6973&#8243; img_size=\u00bbmedium\u00bb alignment=\u00bbcenter\u00bb][vc_btn title=\u00bbVER VIDEO\u00bb color=\u00bbprimary\u00bb size=\u00bbxs\u00bb align=\u00bbcenter\u00bb i_icon_fontawesome=\u00bbfas fa-cloud-download-alt\u00bb add_icon=\u00bbtrue\u00bb link=\u00bburl:https%3A%2F%2Fugelcusco.gob.pe%2Fws%2Fwp-content%2Fuploads%2F2021%2F02%2FPortal-S%C3%ADseVe-familia-1.mp4|title:SISEVE%20FAMILIA|target:%20_blank|\u00bb][\/vc_column_inner][vc_column_inner width=\u00bb1\/3&#8243; css=\u00bb.vc_custom_1614496873141{padding-right: 30px !important;padding-left: 30px !important;}\u00bb][vc_single_image image=\u00bb6974&#8243; img_size=\u00bbmedium\u00bb alignment=\u00bbcenter\u00bb][vc_btn title=\u00bbVER VIDEO\u00bb color=\u00bbprimary\u00bb size=\u00bbxs\u00bb align=\u00bbcenter\u00bb i_icon_fontawesome=\u00bbfas fa-cloud-download-alt\u00bb add_icon=\u00bbtrue\u00bb link=\u00bburl:https%3A%2F%2Fugelcusco.gob.pe%2Fws%2Fwp-content%2Fuploads%2F2021%2F02%2FPortal%20S%C3%ADseVe%20-%20familia%20-%20en%20quechua.mp4|title:ESTUDIANTES%20QUECHUA|target:%20_blank|\u00bb][\/vc_column_inner][vc_column_inner width=\u00bb1\/3&#8243;][vc_single_image image=\u00bb6975&#8243; img_size=\u00bbmedium\u00bb alignment=\u00bbcenter\u00bb][vc_btn title=\u00bbVER VIDEO\u00bb color=\u00bbprimary\u00bb size=\u00bbxs\u00bb align=\u00bbcenter\u00bb i_icon_fontawesome=\u00bbfas fa-cloud-download-alt\u00bb add_icon=\u00bbtrue\u00bb link=\u00bburl:https%3A%2F%2Fugelcusco.gob.pe%2Fws%2Fwp-content%2Fuploads%2F2021%2F02%2FPortal-S%C3%ADseVe-estudiane-1.mp4|title:SISEVE%20ESTUDIANTE|target:%20_blank|\u00bb][\/vc_column_inner][\/vc_row_inner][\/vc_column][\/vc_row][vc_row][vc_column][vc_column_text]<\/p>\n<h4><img decoding=\"async\" style=\"width: 70px;\" src=\"https:\/\/ugelcusco.gob.pe\/ws\/wp-content\/uploads\/2021\/02\/icono-file.png\" alt=\"file\" \/>MATERIAL DID\u00c1CTICO<\/h4>\n<p>Haz click en la imagen para mayor informaci\u00f3n.[\/vc_column_text][vc_row_inner][vc_column_inner width=\u00bb1\/4&#8243; css=\u00bb.vc_custom_1614754406110{padding-right: 30px !important;padding-left: 30px !important;}\u00bb][vc_single_image image=\u00bb8168&#8243; img_size=\u00bbmedium\u00bb alignment=\u00bbcenter\u00bb onclick=\u00bbcustom_link\u00bb link=\u00bbhttps:\/\/ugelcusco.gob.pe\/ws\/protocolos-y-guias-para-promover-la-convivencia-y-atender-casos-de-violencia-en-las-ii-ee\u00bb][\/vc_column_inner][vc_column_inner width=\u00bb1\/4&#8243; css=\u00bb.vc_custom_1614754416220{padding-right: 30px !important;padding-left: 30px !important;}\u00bb][vc_single_image image=\u00bb8197&#8243; img_size=\u00bbmedium\u00bb alignment=\u00bbcenter\u00bb onclick=\u00bbcustom_link\u00bb link=\u00bbhttps:\/\/ugelcusco.gob.pe\/ws\/convivencia-escolar-material-aliados-estrategicos\/\u00bb][\/vc_column_inner][vc_column_inner width=\u00bb1\/4&#8243; css=\u00bb.vc_custom_1614754430259{padding-right: 30px !important;padding-left: 30px !important;}\u00bb][vc_single_image image=\u00bb8204&#8243; img_size=\u00bbmedium\u00bb alignment=\u00bbcenter\u00bb onclick=\u00bbcustom_link\u00bb link=\u00bbhttps:\/\/ugelcusco.gob.pe\/ws\/convivencia-escolar-kid-materiales-para-prevencion-de-la-violencia\/\u00bb][\/vc_column_inner][vc_column_inner width=\u00bb1\/4&#8243; css=\u00bb.vc_custom_1614754440724{padding-right: 30px !important;padding-left: 30px !important;}\u00bb][vc_single_image image=\u00bb8171&#8243; img_size=\u00bbmedium\u00bb alignment=\u00bbcenter\u00bb onclick=\u00bbcustom_link\u00bb link=\u00bbhttps:\/\/ugelcusco.gob.pe\/ws\/convivencia-escolar-bienestar-integral\u00bb][\/vc_column_inner][\/vc_row_inner][\/vc_column][\/vc_row][vc_row][vc_column width=\u00bb1\/3&#8243; css=\u00bb.vc_custom_1622958963608{padding-right: 20px !important;padding-left: 80px !important;}\u00bb][vc_single_image image=\u00bb8172&#8243; img_size=\u00bbmedium\u00bb alignment=\u00bbcenter\u00bb onclick=\u00bbcustom_link\u00bb link=\u00bbhttps:\/\/ugelcusco.gob.pe\/ws\/convivencia-escolar-docentes-y-directores\u00bb][\/vc_column][vc_column width=\u00bb1\/3&#8243; css=\u00bb.vc_custom_1622958977439{padding-right: 20px !important;padding-left: 20px !important;}\u00bb][vc_single_image image=\u00bb8173&#8243; img_size=\u00bbmedium\u00bb alignment=\u00bbcenter\u00bb onclick=\u00bbcustom_link\u00bb link=\u00bbhttps:\/\/ugelcusco.gob.pe\/ws\/convivencia-escolar-familia\u00bb][\/vc_column][vc_column width=\u00bb1\/3&#8243; css=\u00bb.vc_custom_1622958988347{padding-right: 80px !important;padding-left: 20px !important;}\u00bb][vc_single_image image=\u00bb8174&#8243; img_size=\u00bbmedium\u00bb alignment=\u00bbcenter\u00bb onclick=\u00bbcustom_link\u00bb link=\u00bbhttps:\/\/ugelcusco.gob.pe\/ws\/convivencia-escolar-estudiantes\u00bb][\/vc_column][\/vc_row]<\/p>\n","protected":false},"excerpt":{"rendered":"<p>[vc_row css=\u00bb.vc_custom_1596734101326{margin-top: -70px !important;margin-bottom: 25px !important;}\u00bb][vc_column width=\u00bb4\/5&#8243;][\/vc_column][vc_column width=\u00bb1\/5&#8243;][vc_single_image image=\u00bb6930&#8243; img_size=\u00bbfull\u00bb alignment=\u00bbcenter\u00bb][\/vc_column][\/vc_row][vc_row][vc_column][vc_single_image image=\u00bb7264&#8243; img_size=\u00bblarge\u00bb alignment=\u00bbcenter\u00bb style=\u00bbvc_box_shadow\u00bb onclick=\u00bblink_image\u00bb][\/vc_column][\/vc_row][vc_row][vc_column][vc_column_text] BASES LEGALES [\/vc_column_text][vc_row_inner][vc_column_inner width=\u00bb1\/5&#8243; css=\u00bb.vc_custom_1614496860783{padding-right: 30px !important;padding-left: 30px !important;}\u00bb][vc_single_image image=\u00bb7265&#8243; img_size=\u00bbmedium\u00bb alignment=\u00bbcenter\u00bb][vc_btn title=\u00bbDESCARGAR\u00bb color=\u00bbprimary\u00bb size=\u00bbxs\u00bb align=\u00bbcenter\u00bb i_icon_fontawesome=\u00bbfas fa-cloud-download-alt\u00bb add_icon=\u00bbtrue\u00bb link=\u00bburl:https%3A%2F%2Fugelcusco.gob.pe%2Fws%2Fwp-content%2Fuploads%2F2021%2F02%2FNT_RM262.pdf|title:RM-262|target:%20_blank|\u00bb][\/vc_column_inner][vc_column_inner width=\u00bb1\/5&#8243; css=\u00bb.vc_custom_1614496873141{padding-right: 30px !important;padding-left: 30px !important;}\u00bb][vc_single_image image=\u00bb6959&#8243; img_size=\u00bbmedium\u00bb alignment=\u00bbcenter\u00bb][vc_btn title=\u00bbDESCARGAR\u00bb color=\u00bbprimary\u00bb size=\u00bbxs\u00bb align=\u00bbcenter\u00bb i_icon_fontawesome=\u00bbfas fa-cloud-download-alt\u00bb add_icon=\u00bbtrue\u00bb link=\u00bburl:https%3A%2F%2Fugelcusco.gob.pe%2Fws%2Fwp-content%2Fuploads%2F2021%2F02%2FLineamientos.pdf|title:LINEAMIENTOS|target:%20_blank|\u00bb][\/vc_column_inner][vc_column_inner width=\u00bb1\/5&#8243; css=\u00bb.vc_custom_1614496888806{padding-right: [&hellip;]<\/p>\n","protected":false},"author":1,"featured_media":0,"parent":0,"menu_order":0,"comment_status":"closed","ping_status":"closed","template":"full-page.php","meta":{"qubely_global_settings":"","qubely_interactions":"","footnotes":""},"class_list":["post-2922","page","type-page","status-publish","hentry"],"_links":{"self":[{"href":"https:\/\/ugelcusco.gob.pe\/ws\/wp-json\/wp\/v2\/pages\/2922","targetHints":{"allow":["GET"]}}],"collection":[{"href":"https:\/\/ugelcusco.gob.pe\/ws\/wp-json\/wp\/v2\/pages"}],"about":[{"href":"https:\/\/ugelcusco.gob.pe\/ws\/wp-json\/wp\/v2\/types\/page"}],"author":[{"embeddable":true,"href":"https:\/\/ugelcusco.gob.pe\/ws\/wp-json\/wp\/v2\/users\/1"}],"replies":[{"embeddable":true,"href":"https:\/\/ugelcusco.gob.pe\/ws\/wp-json\/wp\/v2\/comments?post=2922"}],"version-history":[{"count":98,"href":"https:\/\/ugelcusco.gob.pe\/ws\/wp-json\/wp\/v2\/pages\/2922\/revisions"}],"predecessor-version":[{"id":8336,"href":"https:\/\/ugelcusco.gob.pe\/ws\/wp-json\/wp\/v2\/pages\/2922\/revisions\/8336"}],"wp:attachment":[{"href":"https:\/\/ugelcusco.gob.pe\/ws\/wp-json\/wp\/v2\/media?parent=2922"}],"curies":[{"name":"wp","href":"https:\/\/api.w.org\/{rel}","templated":true}]}}