{"id":8310,"date":"2021-06-08T02:06:24","date_gmt":"2021-06-08T07:06:24","guid":{"rendered":"https:\/\/ugelcusco.gob.pe\/ws\/?page_id=8310"},"modified":"2021-06-08T02:16:06","modified_gmt":"2021-06-08T07:16:06","slug":"organo-de-asesoria-juridica","status":"publish","type":"page","link":"https:\/\/ugelcusco.gob.pe\/ws\/organo-de-asesoria-juridica\/","title":{"rendered":"ORGANO DE ASESORIA JUR\u00cdDICA"},"content":{"rendered":"<p>[vc_row][vc_column css=\u00bb.vc_custom_1623136567958{margin-top: 50px !important;}\u00bb][vc_column_text]<\/p>\n<h4 style=\"text-align: center;\"><strong>ASESORIA JUR\u00cdDICA<\/strong><\/h4>\n<p>[\/vc_column_text][\/vc_column][\/vc_row][vc_row][vc_column][vc_column_text]El \u00c1rea de Asesor\u00eda Jur\u00eddica es el encargado de asesoras en la interpretaci\u00f3n y aplicaci\u00f3n de la legislaci\u00f3n vigente, as\u00ed como de efectuar las acciones jur\u00eddicas legales en apoyo a la unidad de gesti\u00f3n educativa local instituciones y programas educativos.<\/p>\n<p>El \u00c1rea de Asesor\u00eda Jur\u00eddica cumple las siguientes funciones:<\/p>\n<ul>\n<li>Asesorar y asumir las defensas judiciales preliminares y por delegaci\u00f3n del procurador p\u00fablico encargado de los asuntos judiciales del Gobierno Regional de Cusco.<\/li>\n<li>Absolver consultas de car\u00e1cter jur\u00eddico legal formuladas por las instituciones y programas educativos.<\/li>\n<li>Emitir dictamen e informe legal sobre los recursos de impugnaci\u00f3n en asuntos relacionados al servicio del sector como instancia administrativa.<\/li>\n<li>Sistematizar y difundir la legislaci\u00f3n educativa en coordinaci\u00f3n con la oficina de asesor\u00eda jur\u00eddica de la direcci\u00f3n regional de educaci\u00f3n.<\/li>\n<li>Participar en la formulaci\u00f3n de proyectos de resoluciones, disposiciones, contratos, convenios y otros actos jur\u00eddicos de competencia de la sede institucional.<\/li>\n<li>Como \u00e1rea usuaria formula su cuadro de necesidades con determinados bienes y servicios o que dada su especialidad y funciones canaliza los requerimientos formulados por las instituciones educativas.<\/li>\n<li>Cumplir con las dem\u00e1s funciones que le sean asignadas, relacionadas con el \u00e1mbito de su competencia (como levantamiento de actas y \/ u otras an\u00e1logas).<\/li>\n<\/ul>\n<p>[\/vc_column_text][\/vc_column][\/vc_row]<\/p>\n","protected":false},"excerpt":{"rendered":"<p>[vc_row][vc_column css=\u00bb.vc_custom_1623136567958{margin-top: 50px !important;}\u00bb][vc_column_text] ASESORIA JUR\u00cdDICA [\/vc_column_text][\/vc_column][\/vc_row][vc_row][vc_column][vc_column_text]El \u00c1rea de Asesor\u00eda Jur\u00eddica es el encargado de asesoras en la interpretaci\u00f3n y aplicaci\u00f3n de la legislaci\u00f3n vigente, as\u00ed como de efectuar las acciones jur\u00eddicas legales en apoyo a la unidad de gesti\u00f3n educativa local instituciones y programas educativos. El \u00c1rea de Asesor\u00eda Jur\u00eddica cumple las siguientes funciones: [&hellip;]<\/p>\n","protected":false},"author":1,"featured_media":0,"parent":0,"menu_order":0,"comment_status":"closed","ping_status":"closed","template":"full-page.php","meta":{"qubely_global_settings":"","qubely_interactions":"","footnotes":""},"class_list":["post-8310","page","type-page","status-publish","hentry"],"_links":{"self":[{"href":"https:\/\/ugelcusco.gob.pe\/ws\/wp-json\/wp\/v2\/pages\/8310","targetHints":{"allow":["GET"]}}],"collection":[{"href":"https:\/\/ugelcusco.gob.pe\/ws\/wp-json\/wp\/v2\/pages"}],"about":[{"href":"https:\/\/ugelcusco.gob.pe\/ws\/wp-json\/wp\/v2\/types\/page"}],"author":[{"embeddable":true,"href":"https:\/\/ugelcusco.gob.pe\/ws\/wp-json\/wp\/v2\/users\/1"}],"replies":[{"embeddable":true,"href":"https:\/\/ugelcusco.gob.pe\/ws\/wp-json\/wp\/v2\/comments?post=8310"}],"version-history":[{"count":4,"href":"https:\/\/ugelcusco.gob.pe\/ws\/wp-json\/wp\/v2\/pages\/8310\/revisions"}],"predecessor-version":[{"id":8316,"href":"https:\/\/ugelcusco.gob.pe\/ws\/wp-json\/wp\/v2\/pages\/8310\/revisions\/8316"}],"wp:attachment":[{"href":"https:\/\/ugelcusco.gob.pe\/ws\/wp-json\/wp\/v2\/media?parent=8310"}],"curies":[{"name":"wp","href":"https:\/\/api.w.org\/{rel}","templated":true}]}}