{"id":8317,"date":"2021-06-08T02:30:20","date_gmt":"2021-06-08T07:30:20","guid":{"rendered":"https:\/\/ugelcusco.gob.pe\/ws\/?page_id=8317"},"modified":"2021-06-08T02:39:56","modified_gmt":"2021-06-08T07:39:56","slug":"area-de-gestion-pedagogica-educacion-primaria","status":"publish","type":"page","link":"https:\/\/ugelcusco.gob.pe\/ws\/area-de-gestion-pedagogica-educacion-primaria\/","title":{"rendered":"AREA DE GESTION PEDAGOGICA &#8211; EDUCACION PRIMARIA"},"content":{"rendered":"<p>[vc_row][vc_column css=\u00bb.vc_custom_1623137997500{margin-top: 50px !important;}\u00bb][vc_column_text]<\/p>\n<h3 style=\"text-align: center;\">AREA DE GESTI\u00d3N PEDAG\u00d3GICA<br \/>\nEDUCACION PRIMARIA<\/h3>\n<h4>MISI\u00d3N<\/h4>\n<p>Dise\u00f1ar estrategias, monitorear su implementaci\u00f3n y brindar asistencia t\u00e9cnico-pedag\u00f3gica y de gesti\u00f3n de los aprendizajes en las Instituciones Educativas de Educaci\u00f3n B\u00e1sica Regular del Nivel Primaria, bajo los enfoques inclusivo, intercultural, biling\u00fce, ambiental, cr\u00edtico reflexivo y comunitario, para la gesti\u00f3n educativa y la implementaci\u00f3n del curr\u00edculo, a fin de contribuir al logro de los aprendizajes de las y los estudiantes de la Unidad de Gesti\u00f3n Educativa Local Cusco.[\/vc_column_text][\/vc_column][\/vc_row][vc_row][vc_column][vc_column_text]<\/p>\n<h4>RESPONSABILIDADES<\/h4>\n<ul>\n<li>Proponer y dise\u00f1ar estrategias y recursos t\u00e9cnicos pedag\u00f3gicos en funci\u00f3n a las pol\u00edticas y planes nacionales, regionales y locales, para coadyuvar al logro de los aprendizajes de las y los estudiantes de Educaci\u00f3n Primaria seg\u00fan su contexto y sus necesidades educativas (socioling\u00fc\u00edstico, culturales, especiales, t\u00e9cnico productivas, entre otros) en el \u00e1mbito de la Unidad de Gesti\u00f3n Educativa Local Cusco.<\/li>\n<li>Realizar las acciones de soporte, para la planificaci\u00f3n y desarrollo de la diversificaci\u00f3n curricular con tratamiento intercultural, y para el uso y conservaci\u00f3n de materiales educativos, did\u00e1cticos y de los recursos tecnol\u00f3gicos, a fin de mejorar la calidad del servicio educativo en el \u00e1mbito de la Unidad de Gesti\u00f3n Educativa Local Cusco.<\/li>\n<li>Monitorear, evaluar y brindar asistencia t\u00e9cnico pedag\u00f3gica y de gesti\u00f3n de los aprendizajes, teniendo en cuenta la diversidad del contexto y las necesidades educativas de las y los estudiantes de Educaci\u00f3n Primaria, a fin de mejorar la calidad del servicio educativo en el \u00e1mbito de la Unidad de Gesti\u00f3n Educativa Local Cusco.<\/li>\n<li>Diagnosticar la situaci\u00f3n de los procesos pedag\u00f3gicos y de gesti\u00f3n en las instituciones educativas de Educaci\u00f3n Primaria, a fin de planificar y realizar acciones que atiendan las necesidades en materia de gesti\u00f3n pedag\u00f3gica del servicio educativo en el \u00e1mbito de la Unidad de Gesti\u00f3n Educativa Local Cusco<\/li>\n<li>Dise\u00f1ar y desarrollar m\u00e9todos, estrategias y el uso de nuevas tecnolog\u00edas pedag\u00f3gicas, as\u00ed como, brindar el soporte t\u00e9cnico para su implementaci\u00f3n en la Educaci\u00f3n Primaria, a fin de contribuir al logro de los aprendizajes de las y los estudiantes, en el \u00e1mbito de la Unidad de Gesti\u00f3n Educativa Local Cusco<\/li>\n<\/ul>\n<p>[\/vc_column_text][\/vc_column][\/vc_row][vc_row][vc_column][vc_column_text]<\/p>\n<h4 style=\"text-align: center;\">EQUIPO DE ESPECIALISTAS DE EDUCACI\u00d3N PRIMARIA<\/h4>\n<p>[\/vc_column_text][vc_row_inner][vc_column_inner width=\u00bb1\/6&#8243;][\/vc_column_inner][vc_column_inner width=\u00bb2\/6&#8243;][vc_column_text]<strong>EDWIN CHOQUENEIRA VILLA<\/strong><\/p>\n<p><strong>ESPECIALISTA DE EDUCACI\u00d3N PRIMARIA <\/strong><\/p>\n<p><strong>Email: <\/strong><a href=\"mailto:echoqueneira@ugelcusco.gob.pe\"><strong>echoqueneira@ugelcusco.gob.pe<\/strong><\/a><\/p>\n<p><strong>Telf. 984321689<\/strong>[\/vc_column_text][\/vc_column_inner][vc_column_inner width=\u00bb2\/6&#8243;][vc_single_image image=\u00bb8319&#8243; img_size=\u00bblarge\u00bb alignment=\u00bbcenter\u00bb][\/vc_column_inner][vc_column_inner width=\u00bb1\/6&#8243;][\/vc_column_inner][\/vc_row_inner][vc_row_inner][vc_column_inner width=\u00bb1\/6&#8243;][\/vc_column_inner][vc_column_inner width=\u00bb2\/6&#8243;][vc_column_text]<strong>ELIZABETH BALLONA FLORES<\/strong><\/p>\n<p><strong>ESPECIALISTA DE EDUCACI\u00d3N PRIMARIA <\/strong><\/p>\n<p><strong>Email: <\/strong><a href=\"mailto:eBALLONa@ugelcusco.gob.pe\"><strong>eballona@ugelcusco.gob.pe<\/strong><\/a><\/p>\n<p><strong>Telf. 951308218<\/strong>[\/vc_column_text][\/vc_column_inner][vc_column_inner width=\u00bb2\/6&#8243;][vc_single_image image=\u00bb8323&#8243; img_size=\u00bblarge\u00bb alignment=\u00bbcenter\u00bb][\/vc_column_inner][vc_column_inner width=\u00bb1\/6&#8243;][\/vc_column_inner][\/vc_row_inner][vc_row_inner][vc_column_inner width=\u00bb1\/6&#8243;][\/vc_column_inner][vc_column_inner width=\u00bb2\/6&#8243;][vc_column_text]<strong>JUDITH ANTONIA JIHUALLANCA RUELAS<\/strong><\/p>\n<p><strong>ESPECIALISTA DE EDUCACI\u00d3N PRIMARIA<\/strong><\/p>\n<p><strong>Email: <\/strong><a href=\"mailto:jjihuallanca@ugelcusco.gob.pe\"><strong>jjihuallanca@ugelcusco.gob.pe<\/strong><\/a><\/p>\n<p><strong>Telf. 966360396<\/strong>[\/vc_column_text][\/vc_column_inner][vc_column_inner width=\u00bb2\/6&#8243;][vc_single_image image=\u00bb8324&#8243; img_size=\u00bblarge\u00bb alignment=\u00bbcenter\u00bb][\/vc_column_inner][vc_column_inner width=\u00bb1\/6&#8243;][\/vc_column_inner][\/vc_row_inner][\/vc_column][\/vc_row][vc_row][vc_column][vc_column_text]<\/p>\n<h4 style=\"text-align: center;\">ESPECIALISTA DE EDUCACI\u00d3N INTERCULTURAL BILING\u00dcE<\/h4>\n<ul>\n<li>Promover la Pol\u00edtica Nacional de Educaci\u00f3n Intercultural Biling\u00fce en todos los niveles de educaci\u00f3n de la jurisdicci\u00f3n de la UGEL en coordinaci\u00f3n con la Gerencia Regional de Educaci\u00f3n.<\/li>\n<li>Organizar reuniones informativas permanentemente con la finalidad de dar a conocer la propuesta pedag\u00f3gica de Educci\u00f3n Intercultural Biling\u00fce.<\/li>\n<li>Dise\u00f1ar, formular, ejecutar y evaluar proyectos y convenios que ayuden al fortalecimiento de la Educaci\u00f3n Intercultural Biling\u00fce y Rural.<\/li>\n<li>Coordinar, monitorear y evaluar las actividades del Plan Operativo Institucional, correspondiente a Educaci\u00f3n Intercultural Biling\u00fce y Rural.<\/li>\n<li>Identificar y promover la realizaci\u00f3n de investigaciones sobre temas culturales, ling\u00fc\u00edsticos, sociales y educativos de nuestra Regi\u00f3n.<\/li>\n<li>Promover diferentes concursos a nivel de las instituciones educativas del nivel inicial, primario y secundario de nuestra provincia, sobre la revelaci\u00f3n de nuestra identidad cultural, local y regional.<\/li>\n<li>Promover y conducir actividades de producci\u00f3n de material educativo cultural y ling\u00fc\u00edsticamente pertinentes, con la participaci\u00f3n de profesores biling\u00fces, sabios, ancianos, autoridades ancestrales y actuales.<\/li>\n<li>Orientar los criterios para la diversificaci\u00f3n curricular, los medios y materiales, las estrategias de aprendizaje y evaluaci\u00f3n de la Educaci\u00f3n Intercultural y Biling\u00fce.<\/li>\n<li>Planificar, orientar, monitorear y supervisar las acciones t\u00e9cnico pedag\u00f3gico de la Educaci\u00f3n Intercultural Biling\u00fce.<\/li>\n<\/ul>\n<p>[\/vc_column_text][vc_row_inner][vc_column_inner width=\u00bb1\/6&#8243;][\/vc_column_inner][vc_column_inner width=\u00bb2\/6&#8243;][vc_column_text]<strong>ALICIA LIGAS NINA<\/strong><\/p>\n<p><strong>ESPECIALISTA DE EIB<\/strong><\/p>\n<p><strong>Email: <\/strong><a href=\"mailto:aligas@ugelcusco.gob.pe\"><strong>aligas@ugelcusco.gob.pe<\/strong><\/a><\/p>\n<p><strong>Telf. 984387808<\/strong>[\/vc_column_text][\/vc_column_inner][vc_column_inner width=\u00bb2\/6&#8243;][vc_single_image image=\u00bb8326&#8243; img_size=\u00bblarge\u00bb alignment=\u00bbcenter\u00bb][\/vc_column_inner][vc_column_inner width=\u00bb1\/6&#8243;][\/vc_column_inner][\/vc_row_inner][\/vc_column][\/vc_row]<\/p>\n","protected":false},"excerpt":{"rendered":"<p>[vc_row][vc_column css=\u00bb.vc_custom_1623137997500{margin-top: 50px !important;}\u00bb][vc_column_text] AREA DE GESTI\u00d3N PEDAG\u00d3GICA EDUCACION PRIMARIA MISI\u00d3N Dise\u00f1ar estrategias, monitorear su implementaci\u00f3n y brindar asistencia t\u00e9cnico-pedag\u00f3gica y de gesti\u00f3n de los aprendizajes en las Instituciones Educativas de Educaci\u00f3n B\u00e1sica Regular del Nivel Primaria, bajo los enfoques inclusivo, intercultural, biling\u00fce, ambiental, cr\u00edtico reflexivo y comunitario, para la gesti\u00f3n educativa y la implementaci\u00f3n [&hellip;]<\/p>\n","protected":false},"author":1,"featured_media":0,"parent":0,"menu_order":0,"comment_status":"closed","ping_status":"closed","template":"","meta":{"qubely_global_settings":"","qubely_interactions":"","footnotes":""},"class_list":["post-8317","page","type-page","status-publish","hentry"],"_links":{"self":[{"href":"https:\/\/ugelcusco.gob.pe\/ws\/wp-json\/wp\/v2\/pages\/8317","targetHints":{"allow":["GET"]}}],"collection":[{"href":"https:\/\/ugelcusco.gob.pe\/ws\/wp-json\/wp\/v2\/pages"}],"about":[{"href":"https:\/\/ugelcusco.gob.pe\/ws\/wp-json\/wp\/v2\/types\/page"}],"author":[{"embeddable":true,"href":"https:\/\/ugelcusco.gob.pe\/ws\/wp-json\/wp\/v2\/users\/1"}],"replies":[{"embeddable":true,"href":"https:\/\/ugelcusco.gob.pe\/ws\/wp-json\/wp\/v2\/comments?post=8317"}],"version-history":[{"count":6,"href":"https:\/\/ugelcusco.gob.pe\/ws\/wp-json\/wp\/v2\/pages\/8317\/revisions"}],"predecessor-version":[{"id":8328,"href":"https:\/\/ugelcusco.gob.pe\/ws\/wp-json\/wp\/v2\/pages\/8317\/revisions\/8328"}],"wp:attachment":[{"href":"https:\/\/ugelcusco.gob.pe\/ws\/wp-json\/wp\/v2\/media?parent=8317"}],"curies":[{"name":"wp","href":"https:\/\/api.w.org\/{rel}","templated":true}]}}