{"id":8616,"date":"2021-06-20T22:03:10","date_gmt":"2021-06-21T03:03:10","guid":{"rendered":"https:\/\/ugelcusco.gob.pe\/ws\/?page_id=8616"},"modified":"2021-06-22T12:23:56","modified_gmt":"2021-06-22T17:23:56","slug":"gestion-institucional-estadistica","status":"publish","type":"page","link":"https:\/\/ugelcusco.gob.pe\/ws\/gestion-institucional-estadistica\/","title":{"rendered":"GESTI\u00d3N INSTITUCIONAL &#8211; ESTADISTICA"},"content":{"rendered":"<p>[vc_row][vc_column][vc_column_text]<\/p>\n<h3 style=\"text-align: center;\"><strong>GESTI\u00d3N INSTITUCIONAL &#8211; ESTADISTICA<\/strong><\/h3>\n<p>[\/vc_column_text][vc_column_text]<\/p>\n<h4>Funciones del \u00e1rea:<\/h4>\n<ul>\n<li>Recopilar, procesar, analizar y difundir la Informaci\u00f3n Estad\u00edstica de las Instituciones Educativas del \u00e1mbito de la jurisdicci\u00f3n de la UGEL CUSCO.<\/li>\n<li>Mantener actualizada la informaci\u00f3n estad\u00edstica de su jurisdicci\u00f3n, garantizando su validez y confiabilidad en forma oportuna de acuerdo a las normas legales vigentes.<\/li>\n<li>Mantener actualizado el registro y\/o padr\u00f3n de las instituciones educativas p\u00fablicas y privadas de la jurisdicci\u00f3n, por niveles y\/o modalidades educativas.<\/li>\n<li>Proponer, dise\u00f1ar y adecuar instrumentos escritos o inform\u00e1ticos de captaci\u00f3n de informaci\u00f3n Estad\u00edstica.<\/li>\n<li>Elaborar boletines, cuadros y otros documentos con informaci\u00f3n estad\u00edstica necesaria para la toma de decisiones e informaci\u00f3n del usuario.<\/li>\n<li>Participar en la formulaci\u00f3n y evaluaci\u00f3n de metas educacionales de la UGEL CUSCO, Gobierno Regional, Direcci\u00f3n Regional de Educaci\u00f3n y Ministerio de Educaci\u00f3n.<\/li>\n<li>Participar en la formulaci\u00f3n del Plan Anual de Trabajo de la UGEL CUSCO.<\/li>\n<li>Proponer y participar en acciones de medici\u00f3n de la calidad de la educaci\u00f3n en todas las instituciones educativas de la jurisdicci\u00f3n de la UGEL CUSCO.<\/li>\n<li>Capacitar sobre la utilizaci\u00f3n de diversos software aplicativos de la Estad\u00edstica en el campo educativo.<\/li>\n<li>Genera informaci\u00f3n y matr\u00edculas de alumnos.<\/li>\n<li>Genera sucesos para emitir c\u00f3digos modulares.<\/li>\n<li>Realizar otras funciones de su competencia que le encargue el Jefe de Gesti\u00f3n Institucional<\/li>\n<\/ul>\n<p>[\/vc_column_text][\/vc_column][\/vc_row][vc_row][vc_column][\/vc_column][\/vc_row]<\/p>\n","protected":false},"excerpt":{"rendered":"<p>[vc_row][vc_column][vc_column_text] GESTI\u00d3N INSTITUCIONAL &#8211; ESTADISTICA [\/vc_column_text][vc_column_text] Funciones del \u00e1rea: Recopilar, procesar, analizar y difundir la Informaci\u00f3n Estad\u00edstica de las Instituciones Educativas del \u00e1mbito de la jurisdicci\u00f3n de la UGEL CUSCO. Mantener actualizada la informaci\u00f3n estad\u00edstica de su jurisdicci\u00f3n, garantizando su validez y confiabilidad en forma oportuna de acuerdo a las normas legales vigentes. Mantener actualizado [&hellip;]<\/p>\n","protected":false},"author":1,"featured_media":0,"parent":0,"menu_order":0,"comment_status":"closed","ping_status":"closed","template":"","meta":{"qubely_global_settings":"","qubely_interactions":"","footnotes":""},"class_list":["post-8616","page","type-page","status-publish","hentry"],"_links":{"self":[{"href":"https:\/\/ugelcusco.gob.pe\/ws\/wp-json\/wp\/v2\/pages\/8616","targetHints":{"allow":["GET"]}}],"collection":[{"href":"https:\/\/ugelcusco.gob.pe\/ws\/wp-json\/wp\/v2\/pages"}],"about":[{"href":"https:\/\/ugelcusco.gob.pe\/ws\/wp-json\/wp\/v2\/types\/page"}],"author":[{"embeddable":true,"href":"https:\/\/ugelcusco.gob.pe\/ws\/wp-json\/wp\/v2\/users\/1"}],"replies":[{"embeddable":true,"href":"https:\/\/ugelcusco.gob.pe\/ws\/wp-json\/wp\/v2\/comments?post=8616"}],"version-history":[{"count":5,"href":"https:\/\/ugelcusco.gob.pe\/ws\/wp-json\/wp\/v2\/pages\/8616\/revisions"}],"predecessor-version":[{"id":8725,"href":"https:\/\/ugelcusco.gob.pe\/ws\/wp-json\/wp\/v2\/pages\/8616\/revisions\/8725"}],"wp:attachment":[{"href":"https:\/\/ugelcusco.gob.pe\/ws\/wp-json\/wp\/v2\/media?parent=8616"}],"curies":[{"name":"wp","href":"https:\/\/api.w.org\/{rel}","templated":true}]}}