{"id":8670,"date":"2021-06-22T11:52:13","date_gmt":"2021-06-22T16:52:13","guid":{"rendered":"https:\/\/ugelcusco.gob.pe\/ws\/?page_id=8670"},"modified":"2021-06-22T11:53:03","modified_gmt":"2021-06-22T16:53:03","slug":"direccion-general-secretaria-general","status":"publish","type":"page","link":"https:\/\/ugelcusco.gob.pe\/ws\/direccion-general-secretaria-general\/","title":{"rendered":"DIRECCI\u00d3N GENERAL &#8211; SECRETARIA GENERAL"},"content":{"rendered":"<p>[vc_row][vc_column][vc_column_text]<\/p>\n<h3 style=\"text-align: center;\">DIRECCI\u00d3N GENERAL &#8211; SECRETARIA GENERAL<\/h3>\n<p>[\/vc_column_text][vc_column_text]<\/p>\n<h4>FUNCIONES DEL \u00c1REA<\/h4>\n<ul>\n<li>Recepcionar, analizar, sistematizar, clasificar, registrar, distribuir, controlar y archivar la documentaci\u00f3n que ingresa y sale de la Direcci\u00f3n.<\/li>\n<li>Redactar \/ digitar seg\u00fan las indicaciones del Director la correspondencia, preparar la documentaci\u00f3n para el despacho y presentarla para la firma del Director.<\/li>\n<li>Sistematizar el registro de expedientes y archivos de la oficina por meses y a\u00f1os.<\/li>\n<li>Organizar y mantener actualizado el archivo de la Direcci\u00f3n, de acuerdo a las normas vigentes, cuidando de su seguridad, conservaci\u00f3n y confidencialidad.<\/li>\n<li>Realizar el seguimiento y control, orientar e informar al p\u00fablico usuario sobre la situaci\u00f3n de la documentaci\u00f3n que se encuentra en tr\u00e1mite en la Direcci\u00f3n<\/li>\n<li>Remitir y recibir documentos v\u00eda fax<\/li>\n<li>Atender, efectuar y registrar las llamadas telef\u00f3nicas, as\u00ed como remitir y recepcionar documentos v\u00eda fax, correo, en cumplimiento de las actividades de la Direcci\u00f3n.<\/li>\n<li>Llevar la agenda de reuniones del Director y registrar las audiencias<\/li>\n<li>Sentar acta de cada una de las reuniones que se realiza en la Direcci\u00f3n<\/li>\n<li>Otras funciones de su competencia que le encargue el Director.<\/li>\n<\/ul>\n<p>[\/vc_column_text][\/vc_column][\/vc_row]<\/p>\n","protected":false},"excerpt":{"rendered":"<p>[vc_row][vc_column][vc_column_text] DIRECCI\u00d3N GENERAL &#8211; SECRETARIA GENERAL [\/vc_column_text][vc_column_text] FUNCIONES DEL \u00c1REA Recepcionar, analizar, sistematizar, clasificar, registrar, distribuir, controlar y archivar la documentaci\u00f3n que ingresa y sale de la Direcci\u00f3n. Redactar \/ digitar seg\u00fan las indicaciones del Director la correspondencia, preparar la documentaci\u00f3n para el despacho y presentarla para la firma del Director. Sistematizar el registro de [&hellip;]<\/p>\n","protected":false},"author":1,"featured_media":0,"parent":0,"menu_order":0,"comment_status":"closed","ping_status":"closed","template":"","meta":{"qubely_global_settings":"","qubely_interactions":"","footnotes":""},"class_list":["post-8670","page","type-page","status-publish","hentry"],"_links":{"self":[{"href":"https:\/\/ugelcusco.gob.pe\/ws\/wp-json\/wp\/v2\/pages\/8670","targetHints":{"allow":["GET"]}}],"collection":[{"href":"https:\/\/ugelcusco.gob.pe\/ws\/wp-json\/wp\/v2\/pages"}],"about":[{"href":"https:\/\/ugelcusco.gob.pe\/ws\/wp-json\/wp\/v2\/types\/page"}],"author":[{"embeddable":true,"href":"https:\/\/ugelcusco.gob.pe\/ws\/wp-json\/wp\/v2\/users\/1"}],"replies":[{"embeddable":true,"href":"https:\/\/ugelcusco.gob.pe\/ws\/wp-json\/wp\/v2\/comments?post=8670"}],"version-history":[{"count":4,"href":"https:\/\/ugelcusco.gob.pe\/ws\/wp-json\/wp\/v2\/pages\/8670\/revisions"}],"predecessor-version":[{"id":8697,"href":"https:\/\/ugelcusco.gob.pe\/ws\/wp-json\/wp\/v2\/pages\/8670\/revisions\/8697"}],"wp:attachment":[{"href":"https:\/\/ugelcusco.gob.pe\/ws\/wp-json\/wp\/v2\/media?parent=8670"}],"curies":[{"name":"wp","href":"https:\/\/api.w.org\/{rel}","templated":true}]}}