{"id":8671,"date":"2021-06-22T10:01:35","date_gmt":"2021-06-22T15:01:35","guid":{"rendered":"https:\/\/ugelcusco.gob.pe\/ws\/?page_id=8671"},"modified":"2021-06-22T10:01:35","modified_gmt":"2021-06-22T15:01:35","slug":"organo-de-control-interno","status":"publish","type":"page","link":"https:\/\/ugelcusco.gob.pe\/ws\/organo-de-control-interno\/","title":{"rendered":"\u00d3RGANO DE CONTROL INTERNO"},"content":{"rendered":"<p>[vc_row][vc_column][vc_column_text]<\/p>\n<h3 style=\"text-align: center;\">\u00d3RGANO DE CONTROL INTERNO<\/h3>\n<p>[\/vc_column_text][\/vc_column][\/vc_row][vc_row][vc_column][vc_column_text]<\/p>\n<h4>DESCRIPCI\u00d3N DEL \u00c1REA:<\/h4>\n<p><span style=\"font-weight: 400;\">El \u00d3rgano de Control Institucional (OCI) de nuestra jurisdicci\u00f3n es el responsable de realizar el control gubernamental, de acuerdo a la normativa del Sistema Nacional de Control.<\/span><\/p>\n<p><span style=\"font-weight: 400;\">Entre sus principales funciones est\u00e1 el de ejecutar el Plan Anual de Control aprobado por la Contralor\u00eda General, as\u00ed como de orientar, recibir, derivar y\/o atender las denuncias que formulen los servidores, funcionarios p\u00fablicos y ciudadan\u00eda en general, d\u00e1ndole el tr\u00e1mite que corresponda, de conformidad con las disposiciones del Sistema Nacional de Atenci\u00f3n de Denuncias y las que establezca la Contralor\u00eda General sobre la materia.<\/span>[\/vc_column_text][\/vc_column][\/vc_row][vc_row][vc_column][vc_column_text]<\/p>\n<h4>FUNCIONES:<\/h4>\n<ul>\n<li>Ejecutar el Plan Anual de Control aprobado por la Contralor\u00eda General de acuerdo a las disposiciones emitidas para el efecto.<\/li>\n<li>Ejecutar las labores de control a los actos y operaciones de la UGEL Cusco, conforme a las disposiciones que emita la Contralor\u00eda General.<\/li>\n<li>Actuar de oficio cuando en los actos y operaciones de la UGEL de Cusco se adviertan indicios razonables de ilegalidad, de omisi\u00f3n o de incumplimiento, informando al Director para que se adopten las medidas correctivas pertinentes.<\/li>\n<li>Orientar, recibir, derivar y\/o atender las denuncias que formulen los servidores, funcionarios p\u00fablicos y ciudadan\u00eda en general, d\u00e1ndole el tr\u00e1mite que corresponda, de conformidad con las disposiciones del Sistema Nacional de Atenci\u00f3n de Denuncias y las que establezca la Contralor\u00eda General sobre la materia.<\/li>\n<li>Efectuar el seguimiento de las medidas correctivas que implemente la UGEL como resultado de las labores de control, comprobando y calificando su materializaci\u00f3n efectiva, conforme a las disposiciones de la materia.<\/li>\n<li>Verificar el cumplimiento de las disposiciones legales y normativa interna aplicables a la UGEL por parte de su personal.<\/li>\n<li>Otras que establezca la Contralor\u00eda General de la Rep\u00fablica.<\/li>\n<\/ul>\n<p>[\/vc_column_text][\/vc_column][\/vc_row]<\/p>\n","protected":false},"excerpt":{"rendered":"<p>[vc_row][vc_column][vc_column_text] \u00d3RGANO DE CONTROL INTERNO [\/vc_column_text][\/vc_column][\/vc_row][vc_row][vc_column][vc_column_text] DESCRIPCI\u00d3N DEL \u00c1REA: El \u00d3rgano de Control Institucional (OCI) de nuestra jurisdicci\u00f3n es el responsable de realizar el control gubernamental, de acuerdo a la normativa del Sistema Nacional de Control. Entre sus principales funciones est\u00e1 el de ejecutar el Plan Anual de Control aprobado por la Contralor\u00eda General, as\u00ed [&hellip;]<\/p>\n","protected":false},"author":1,"featured_media":0,"parent":0,"menu_order":0,"comment_status":"closed","ping_status":"closed","template":"","meta":{"qubely_global_settings":"","qubely_interactions":"","footnotes":""},"class_list":["post-8671","page","type-page","status-publish","hentry"],"_links":{"self":[{"href":"https:\/\/ugelcusco.gob.pe\/ws\/wp-json\/wp\/v2\/pages\/8671","targetHints":{"allow":["GET"]}}],"collection":[{"href":"https:\/\/ugelcusco.gob.pe\/ws\/wp-json\/wp\/v2\/pages"}],"about":[{"href":"https:\/\/ugelcusco.gob.pe\/ws\/wp-json\/wp\/v2\/types\/page"}],"author":[{"embeddable":true,"href":"https:\/\/ugelcusco.gob.pe\/ws\/wp-json\/wp\/v2\/users\/1"}],"replies":[{"embeddable":true,"href":"https:\/\/ugelcusco.gob.pe\/ws\/wp-json\/wp\/v2\/comments?post=8671"}],"version-history":[{"count":1,"href":"https:\/\/ugelcusco.gob.pe\/ws\/wp-json\/wp\/v2\/pages\/8671\/revisions"}],"predecessor-version":[{"id":8672,"href":"https:\/\/ugelcusco.gob.pe\/ws\/wp-json\/wp\/v2\/pages\/8671\/revisions\/8672"}],"wp:attachment":[{"href":"https:\/\/ugelcusco.gob.pe\/ws\/wp-json\/wp\/v2\/media?parent=8671"}],"curies":[{"name":"wp","href":"https:\/\/api.w.org\/{rel}","templated":true}]}}