{"id":8677,"date":"2021-06-22T11:07:03","date_gmt":"2021-06-22T16:07:03","guid":{"rendered":"https:\/\/ugelcusco.gob.pe\/ws\/?page_id=8677"},"modified":"2021-06-22T11:07:03","modified_gmt":"2021-06-22T16:07:03","slug":"administracion-area-de-informatica","status":"publish","type":"page","link":"https:\/\/ugelcusco.gob.pe\/ws\/administracion-area-de-informatica\/","title":{"rendered":"ADMINISTRACI\u00d3N &#8211; \u00c1REA DE INFORM\u00c1TICA"},"content":{"rendered":"<p>[vc_row][vc_column][vc_column_text]<\/p>\n<h3 style=\"text-align: center;\"><strong>ADMINISTRACI\u00d3N &#8211; \u00c1REA DE INFORM\u00c1TICA<\/strong><\/h3>\n<p>[\/vc_column_text][\/vc_column][\/vc_row][vc_row][vc_column][vc_column_text]<\/p>\n<h4>FUNCIONES DEL \u00c1REA:<\/h4>\n<ul>\n<li>Planificar, organizar, dirigir, controlar las actividades de inform\u00e1tica, teniendo en cuenta lo siguiente: implementaci\u00f3n del equipo, capacitaci\u00f3n, monitoreo y soporte t\u00e9cnico en la Sede Institucional.<\/li>\n<li>Implementar un Plan de Sistema de Informaci\u00f3n.<\/li>\n<li>Coordinar con su jefe inmediato la provisi\u00f3n de recursos materiales, financieros y equipos indispensables de acuerdo a su plan de actividades.<\/li>\n<li>Adoptar medidas de seguridad y control que garanticen un Plan de Emergencia: Conservaci\u00f3n y mantenimiento de los equipos a su cargo y de las otras \u00e1reas; Protecci\u00f3n de la informaci\u00f3n que emite y de las oficinas de la Sede Institucional.<\/li>\n<li>Formular las especificaciones t\u00e9cnicas para la elaboraci\u00f3n e informe de estudios preliminares y de factibilidad para la adquisici\u00f3n de \u201chardware\u201d y \u201csoftware\u201d, as\u00ed como para el desarrollo de nuevos sistemas inform\u00e1ticos.<\/li>\n<li>Dirigir y monitorear el ingreso y salida de informaci\u00f3n en los sistemas instalados en la entidad.<\/li>\n<li>Brindar asesoramiento y monitoreo en:\n<ul>\n<li>Casos de problemas t\u00e9cnicos de equipamiento e implementaci\u00f3n de sistemas inform\u00e1ticos.<\/li>\n<li>Manejo b\u00e1sico de hardware y software.<\/li>\n<li>Capacitaci\u00f3n al personal de las \u00e1reas que tienen que ver con los sistemas inform\u00e1ticos y herramientas tecnol\u00f3gicas.<\/li>\n<\/ul>\n<\/li>\n<li>Coordinar y asesorar la instalaci\u00f3n de servicios inform\u00e1ticos complementarios como: Comunicaci\u00f3n en red, correo electr\u00f3nico, internet etc.<\/li>\n<li>Otras funciones que se le asigne y corresponda.<\/li>\n<\/ul>\n<p>[\/vc_column_text][\/vc_column][\/vc_row]<\/p>\n","protected":false},"excerpt":{"rendered":"<p>[vc_row][vc_column][vc_column_text] ADMINISTRACI\u00d3N &#8211; \u00c1REA DE INFORM\u00c1TICA [\/vc_column_text][\/vc_column][\/vc_row][vc_row][vc_column][vc_column_text] FUNCIONES DEL \u00c1REA: Planificar, organizar, dirigir, controlar las actividades de inform\u00e1tica, teniendo en cuenta lo siguiente: implementaci\u00f3n del equipo, capacitaci\u00f3n, monitoreo y soporte t\u00e9cnico en la Sede Institucional. Implementar un Plan de Sistema de Informaci\u00f3n. Coordinar con su jefe inmediato la provisi\u00f3n de recursos materiales, financieros y equipos [&hellip;]<\/p>\n","protected":false},"author":1,"featured_media":0,"parent":0,"menu_order":0,"comment_status":"closed","ping_status":"closed","template":"","meta":{"qubely_global_settings":"","qubely_interactions":"","footnotes":""},"class_list":["post-8677","page","type-page","status-publish","hentry"],"_links":{"self":[{"href":"https:\/\/ugelcusco.gob.pe\/ws\/wp-json\/wp\/v2\/pages\/8677","targetHints":{"allow":["GET"]}}],"collection":[{"href":"https:\/\/ugelcusco.gob.pe\/ws\/wp-json\/wp\/v2\/pages"}],"about":[{"href":"https:\/\/ugelcusco.gob.pe\/ws\/wp-json\/wp\/v2\/types\/page"}],"author":[{"embeddable":true,"href":"https:\/\/ugelcusco.gob.pe\/ws\/wp-json\/wp\/v2\/users\/1"}],"replies":[{"embeddable":true,"href":"https:\/\/ugelcusco.gob.pe\/ws\/wp-json\/wp\/v2\/comments?post=8677"}],"version-history":[{"count":2,"href":"https:\/\/ugelcusco.gob.pe\/ws\/wp-json\/wp\/v2\/pages\/8677\/revisions"}],"predecessor-version":[{"id":8679,"href":"https:\/\/ugelcusco.gob.pe\/ws\/wp-json\/wp\/v2\/pages\/8677\/revisions\/8679"}],"wp:attachment":[{"href":"https:\/\/ugelcusco.gob.pe\/ws\/wp-json\/wp\/v2\/media?parent=8677"}],"curies":[{"name":"wp","href":"https:\/\/api.w.org\/{rel}","templated":true}]}}