{"id":8681,"date":"2021-06-22T11:18:04","date_gmt":"2021-06-22T16:18:04","guid":{"rendered":"https:\/\/ugelcusco.gob.pe\/ws\/?page_id=8681"},"modified":"2021-06-22T11:18:04","modified_gmt":"2021-06-22T16:18:04","slug":"administracion-area-de-escalafon","status":"publish","type":"page","link":"https:\/\/ugelcusco.gob.pe\/ws\/administracion-area-de-escalafon\/","title":{"rendered":"ADMINISTRACI\u00d3N &#8211; \u00c1REA DE ESCALAF\u00d3N"},"content":{"rendered":"<p>[vc_row][vc_column][vc_column_text]<\/p>\n<h3 style=\"text-align: center;\"><strong>ADMINISTRACI\u00d3N &#8211; \u00c1REA DE ESCALAF\u00d3N<\/strong><\/h3>\n<p>[\/vc_column_text][\/vc_column][\/vc_row][vc_row][vc_column][vc_column_text]<\/p>\n<h4>FUNCIONES DEL \u00c1REA:<\/h4>\n<ul>\n<li>Llevar a cabo el proceso de ordenamiento manual del Kardex de los personales docentes y administrativos, activos, cesantes, nombrados y contratados.<\/li>\n<li>Elaborar y firmar los Informes, Constancias Escalafonarias, Pases de UGEL, y otros, responsabiliz\u00e1ndose de su emisi\u00f3n.<\/li>\n<li>Registrar, descargar resoluciones y documentos en las fichas escalafonarias de las carpetas personales de los servidores docentes y administrativos, en el sistema mecanizado computarizado.<\/li>\n<li>Actualizar el ingreso de datos del personal docente y administrativo.<\/li>\n<li>Velar por la organizaci\u00f3n, mantenimiento y seguridad del Sistema de Escalaf\u00f3n de la Unidad de Gesti\u00f3n Educativa Local Cusco, Sistema Manual y Mecanizado.<\/li>\n<li>Mantener actualizado el archivo de Escalaf\u00f3n.<\/li>\n<li>Realizar la apertura y reapertura de fichas escalafonarias del personal docente y administrativo, y mantenerlas actualizadas.<\/li>\n<li>Elaborar las estad\u00edsticas del personal docente, administrativo y pensionistas en el \u00e1mbito de su jurisdicci\u00f3n, beneficiarios nombrados y contratados.<\/li>\n<li>Llevar la hoja de producci\u00f3n diaria del personal que trabaja en la oficina.<\/li>\n<li>Observar Resoluciones con opini\u00f3n t\u00e9cnica e informar a la instancia correspondiente.<\/li>\n<\/ul>\n<p>[\/vc_column_text][\/vc_column][\/vc_row]<\/p>\n","protected":false},"excerpt":{"rendered":"<p>[vc_row][vc_column][vc_column_text] ADMINISTRACI\u00d3N &#8211; \u00c1REA DE ESCALAF\u00d3N [\/vc_column_text][\/vc_column][\/vc_row][vc_row][vc_column][vc_column_text] FUNCIONES DEL \u00c1REA: Llevar a cabo el proceso de ordenamiento manual del Kardex de los personales docentes y administrativos, activos, cesantes, nombrados y contratados. Elaborar y firmar los Informes, Constancias Escalafonarias, Pases de UGEL, y otros, responsabiliz\u00e1ndose de su emisi\u00f3n. Registrar, descargar resoluciones y documentos en las fichas [&hellip;]<\/p>\n","protected":false},"author":1,"featured_media":0,"parent":0,"menu_order":0,"comment_status":"closed","ping_status":"closed","template":"","meta":{"qubely_global_settings":"","qubely_interactions":"","footnotes":""},"class_list":["post-8681","page","type-page","status-publish","hentry"],"_links":{"self":[{"href":"https:\/\/ugelcusco.gob.pe\/ws\/wp-json\/wp\/v2\/pages\/8681","targetHints":{"allow":["GET"]}}],"collection":[{"href":"https:\/\/ugelcusco.gob.pe\/ws\/wp-json\/wp\/v2\/pages"}],"about":[{"href":"https:\/\/ugelcusco.gob.pe\/ws\/wp-json\/wp\/v2\/types\/page"}],"author":[{"embeddable":true,"href":"https:\/\/ugelcusco.gob.pe\/ws\/wp-json\/wp\/v2\/users\/1"}],"replies":[{"embeddable":true,"href":"https:\/\/ugelcusco.gob.pe\/ws\/wp-json\/wp\/v2\/comments?post=8681"}],"version-history":[{"count":2,"href":"https:\/\/ugelcusco.gob.pe\/ws\/wp-json\/wp\/v2\/pages\/8681\/revisions"}],"predecessor-version":[{"id":8683,"href":"https:\/\/ugelcusco.gob.pe\/ws\/wp-json\/wp\/v2\/pages\/8681\/revisions\/8683"}],"wp:attachment":[{"href":"https:\/\/ugelcusco.gob.pe\/ws\/wp-json\/wp\/v2\/media?parent=8681"}],"curies":[{"name":"wp","href":"https:\/\/api.w.org\/{rel}","templated":true}]}}