{"id":8685,"date":"2021-06-22T11:27:31","date_gmt":"2021-06-22T16:27:31","guid":{"rendered":"https:\/\/ugelcusco.gob.pe\/ws\/?page_id=8685"},"modified":"2021-06-28T21:17:29","modified_gmt":"2021-06-29T02:17:29","slug":"administracion-area-de-abastecimiento","status":"publish","type":"page","link":"https:\/\/ugelcusco.gob.pe\/ws\/administracion-area-de-abastecimiento\/","title":{"rendered":"ADMINISTRACI\u00d3N &#8211; \u00c1REA DE ABASTECIMIENTO"},"content":{"rendered":"<p>[vc_row][vc_column][vc_column_text]<\/p>\n<h3 style=\"text-align: center;\"><strong>ADMINISTRACI\u00d3N &#8211; \u00c1REA DE ABASTECIMIENTO<\/strong><\/h3>\n<p>[\/vc_column_text][\/vc_column][\/vc_row][vc_row][vc_column][vc_column_text]<\/p>\n<h4>FUNCIONES DEL \u00c1REA:<\/h4>\n<ul>\n<li>Dirigir y coordinar la consolidaci\u00f3n y ajuste de los cuadros de necesidades de los \u00f3rganos de la sede, de las Instituciones Educativas y Programas Educativos de la jurisdicci\u00f3n de la UGEL Cusco<\/li>\n<li>Revisa y autoriza la tramitaci\u00f3n de la solicitud, cotizaci\u00f3n, cuadro comparativo de cotizaciones, \u00f3rdenes de compra, gu\u00edas de internamiento, pedidos y comprobantes de salida, ordenes de servicio y otros.<\/li>\n<li>Participar en las comisiones de adquisiciones y contrataciones para adquirir bienes y servicios, y otros que le asigne, conforme a ley.<\/li>\n<li>Mantener y llevar el registro de proveedores e increment\u00f3 con la localizaci\u00f3n de nuevas firmas comerciales e industriales.<\/li>\n<li>Es el responsable del control patrimonial de todos los bienes de propiedad de la entidad y de las Instituciones Educativas.<\/li>\n<li>Mantener actualizado el inventario de bienes de la sede institucional.<\/li>\n<li>Efectuar la formulaci\u00f3n y programaci\u00f3n de compras, as\u00ed como el calendario de distribuci\u00f3n.<\/li>\n<li>Revisar y firmar el resumen del sistema de abastecimiento de su ejecuci\u00f3n de bienes y servicios de manera mensual.<\/li>\n<li>Revisar la planilla de rendici\u00f3n de vi\u00e1ticos y dar conformidad a los pagos.<\/li>\n<li>Tramitar el expediente administrativo para adquisici\u00f3n y contrataci\u00f3n de bienes y servicios, luego de haber otorgado la buena pro.<\/li>\n<li>Participar en la programaci\u00f3n y formulaci\u00f3n del presupuesto anual de bienes y servicios.<\/li>\n<li>Controlar la calidad de los bienes que adquiere el equipo de abastecimiento.<\/li>\n<li>Verificar la conformidad de los art\u00edculos recepcionados de los proveedores, de acuerdo a las especificaciones de las \u00f3rdenes de compra y ejecutar su almacenamiento.<\/li>\n<li>Preparar el inventario f\u00edsico de las existencias y notas de entrega de almac\u00e9n (control patrimonial).<\/li>\n<li>Velar por la conservaci\u00f3n, seguridad y mantenimiento de los bienes almacenados.<\/li>\n<li>Emitir el informe para dar de baja a los bienes y\/o materiales en desuso.<\/li>\n<li>Elaborar la conciliaci\u00f3n de remesas de bienes de consignaci\u00f3n.<\/li>\n<li>Controla y distribuye material did\u00e1ctico y mobiliario a las Instituciones Educativas de la jurisdicci\u00f3n de la UGEL- Cusco.<\/li>\n<li>Visitar a las Instituciones Educativas y verificar las necesidades que requiere para la compra de materiales y\/o mantenimiento y reparaci\u00f3n.<\/li>\n<li>Controlar las entradas y salidas de los veh\u00edculos, dando cuenta al jefe de \u00e1rea de gesti\u00f3n administrativa.<\/li>\n<li>Elaborar el Plan Anual de Adquisiciones, de acuerdo a las necesidades de la sede institucional y de las Instituciones Educativas.<\/li>\n<li>Monitorea y supervisa la conservaci\u00f3n de los bienes entregados a las Instituciones Educativas.<\/li>\n<li>Realizar otras funciones de su competencia que le encargue el jefe del \u00c1rea.<\/li>\n<\/ul>\n<p>[\/vc_column_text][\/vc_column][\/vc_row]<\/p>\n","protected":false},"excerpt":{"rendered":"<p>[vc_row][vc_column][vc_column_text] ADMINISTRACI\u00d3N &#8211; \u00c1REA DE ABASTECIMIENTO [\/vc_column_text][\/vc_column][\/vc_row][vc_row][vc_column][vc_column_text] FUNCIONES DEL \u00c1REA: Dirigir y coordinar la consolidaci\u00f3n y ajuste de los cuadros de necesidades de los \u00f3rganos de la sede, de las Instituciones Educativas y Programas Educativos de la jurisdicci\u00f3n de la UGEL Cusco Revisa y autoriza la tramitaci\u00f3n de la solicitud, cotizaci\u00f3n, cuadro comparativo de cotizaciones, [&hellip;]<\/p>\n","protected":false},"author":1,"featured_media":0,"parent":0,"menu_order":0,"comment_status":"closed","ping_status":"closed","template":"","meta":{"qubely_global_settings":"","qubely_interactions":"","footnotes":""},"class_list":["post-8685","page","type-page","status-publish","hentry"],"_links":{"self":[{"href":"https:\/\/ugelcusco.gob.pe\/ws\/wp-json\/wp\/v2\/pages\/8685","targetHints":{"allow":["GET"]}}],"collection":[{"href":"https:\/\/ugelcusco.gob.pe\/ws\/wp-json\/wp\/v2\/pages"}],"about":[{"href":"https:\/\/ugelcusco.gob.pe\/ws\/wp-json\/wp\/v2\/types\/page"}],"author":[{"embeddable":true,"href":"https:\/\/ugelcusco.gob.pe\/ws\/wp-json\/wp\/v2\/users\/1"}],"replies":[{"embeddable":true,"href":"https:\/\/ugelcusco.gob.pe\/ws\/wp-json\/wp\/v2\/comments?post=8685"}],"version-history":[{"count":2,"href":"https:\/\/ugelcusco.gob.pe\/ws\/wp-json\/wp\/v2\/pages\/8685\/revisions"}],"predecessor-version":[{"id":8687,"href":"https:\/\/ugelcusco.gob.pe\/ws\/wp-json\/wp\/v2\/pages\/8685\/revisions\/8687"}],"wp:attachment":[{"href":"https:\/\/ugelcusco.gob.pe\/ws\/wp-json\/wp\/v2\/media?parent=8685"}],"curies":[{"name":"wp","href":"https:\/\/api.w.org\/{rel}","templated":true}]}}