{"id":8699,"date":"2021-06-22T12:02:17","date_gmt":"2021-06-22T17:02:17","guid":{"rendered":"https:\/\/ugelcusco.gob.pe\/ws\/?page_id=8699"},"modified":"2021-06-22T12:04:15","modified_gmt":"2021-06-22T17:04:15","slug":"direccion-general-tramite-documentario","status":"publish","type":"page","link":"https:\/\/ugelcusco.gob.pe\/ws\/direccion-general-tramite-documentario\/","title":{"rendered":"DIRECCI\u00d3N GENERAL &#8211; TR\u00c1MITE DOCUMENTARIO"},"content":{"rendered":"<p>[vc_row][vc_column][vc_column_text]<\/p>\n<h3 style=\"text-align: center;\"><strong>DIRECCI\u00d3N GENERAL &#8211; TR\u00c1MITE DOCUMENTARIO<\/strong><\/h3>\n<p>[\/vc_column_text][vc_column_text]<\/p>\n<h4>FUNCIONES DEL \u00c1REA<\/h4>\n<ul>\n<li>Recepcionar, registrar, foliar en el sistema del tr\u00e1mite documentario y distribuir los expedientes y otra documentaci\u00f3n que ingresa a la UGEL CUSCO y remitir oportunamente a la Direcci\u00f3n.<\/li>\n<li>Proporcionar a los usuarios informaci\u00f3n clara y oportuna sobre el tr\u00e1mite de sus expedientes al igual que la atenci\u00f3n pertinente.<\/li>\n<li>Archivar y mantener en buen estado de conservaci\u00f3n el patrimonio documental de la UGEL CUSCO.<\/li>\n<li>Elaborar la informaci\u00f3n estad\u00edstica del movimiento documentario y realizar su evaluaci\u00f3n en forma mensual, proponiendo las medidas correctivas a que haya lugar.<\/li>\n<li>Distribuir las Resoluciones Directorales numeradas a las diferentes Direcciones de Sistemas y a las Instituciones Educativas y a los interesados.<\/li>\n<li>Distribuir la notificaci\u00f3n de los pliegos de cargos emitidos por el \u00d3rgano de Control Institucional y de las comisiones de Procesos Administrativos.<\/li>\n<li>Dirigir y controlar la conservaci\u00f3n, custodia y depuraci\u00f3n de la documentaci\u00f3n destinada al archivo, de acuerdo a la normatividad legal vigente.<\/li>\n<li>Organizar y mantener actualizado, en coordinaci\u00f3n con la Secretar\u00eda el flujo continuo y r\u00e1pido de los expedientes en tr\u00e1mite.<\/li>\n<li>Otras funciones de su competencia que le encargue la Direcci\u00f3n.<\/li>\n<\/ul>\n<p>[\/vc_column_text][\/vc_column][\/vc_row]<\/p>\n","protected":false},"excerpt":{"rendered":"<p>[vc_row][vc_column][vc_column_text] DIRECCI\u00d3N GENERAL &#8211; TR\u00c1MITE DOCUMENTARIO [\/vc_column_text][vc_column_text] FUNCIONES DEL \u00c1REA Recepcionar, registrar, foliar en el sistema del tr\u00e1mite documentario y distribuir los expedientes y otra documentaci\u00f3n que ingresa a la UGEL CUSCO y remitir oportunamente a la Direcci\u00f3n. Proporcionar a los usuarios informaci\u00f3n clara y oportuna sobre el tr\u00e1mite de sus expedientes al igual que [&hellip;]<\/p>\n","protected":false},"author":1,"featured_media":0,"parent":0,"menu_order":0,"comment_status":"closed","ping_status":"closed","template":"","meta":{"qubely_global_settings":"","qubely_interactions":"","footnotes":""},"class_list":["post-8699","page","type-page","status-publish","hentry"],"_links":{"self":[{"href":"https:\/\/ugelcusco.gob.pe\/ws\/wp-json\/wp\/v2\/pages\/8699","targetHints":{"allow":["GET"]}}],"collection":[{"href":"https:\/\/ugelcusco.gob.pe\/ws\/wp-json\/wp\/v2\/pages"}],"about":[{"href":"https:\/\/ugelcusco.gob.pe\/ws\/wp-json\/wp\/v2\/types\/page"}],"author":[{"embeddable":true,"href":"https:\/\/ugelcusco.gob.pe\/ws\/wp-json\/wp\/v2\/users\/1"}],"replies":[{"embeddable":true,"href":"https:\/\/ugelcusco.gob.pe\/ws\/wp-json\/wp\/v2\/comments?post=8699"}],"version-history":[{"count":3,"href":"https:\/\/ugelcusco.gob.pe\/ws\/wp-json\/wp\/v2\/pages\/8699\/revisions"}],"predecessor-version":[{"id":8705,"href":"https:\/\/ugelcusco.gob.pe\/ws\/wp-json\/wp\/v2\/pages\/8699\/revisions\/8705"}],"wp:attachment":[{"href":"https:\/\/ugelcusco.gob.pe\/ws\/wp-json\/wp\/v2\/media?parent=8699"}],"curies":[{"name":"wp","href":"https:\/\/api.w.org\/{rel}","templated":true}]}}