{"id":8701,"date":"2021-06-22T12:05:49","date_gmt":"2021-06-22T17:05:49","guid":{"rendered":"https:\/\/ugelcusco.gob.pe\/ws\/?page_id=8701"},"modified":"2021-06-22T12:05:49","modified_gmt":"2021-06-22T17:05:49","slug":"administracion-area-de-contabilidad","status":"publish","type":"page","link":"https:\/\/ugelcusco.gob.pe\/ws\/administracion-area-de-contabilidad\/","title":{"rendered":"ADMINISTRACI\u00d3N &#8211; \u00c1REA DE CONTABILIDAD"},"content":{"rendered":"<p>[vc_row][vc_column][vc_column_text]<\/p>\n<h3 style=\"text-align: center;\"><strong>ADMINISTRACI\u00d3N &#8211; \u00c1REA DE CONTABILIDAD<\/strong><\/h3>\n<p>[\/vc_column_text][vc_column_text]<\/p>\n<h4>FUNCIONES DEL \u00c1REA:<\/h4>\n<ul>\n<li>Elaborar los asientos contables con las \u00d3rdenes de Compra, Ordenes de Servicio, Notas de Entrada al Almac\u00e9n y Pedidos Comprobantes de Salida que reflejan el movimiento de entradas y salidas de Almac\u00e9n, libro de caja, bancos, planillas y otros documentos fuente contables y registro de los mismos de acuerdo con los dispositivos legales vigentes.<\/li>\n<li>Coordinar con el Jefe del \u00c1rea sobre el avance de la ejecuci\u00f3n presupuestal.<\/li>\n<li>Revisar y firmar los anexos y formatos patrimoniales, financieros y presupuestales y verificar al momento de la afectaci\u00f3n presupuestal que los diversos pagos est\u00e9n enmarcados dentro de la Ley General de Presupuesto y la Ley de Presupuesto del Sector P\u00fablico de cada a\u00f1o.<\/li>\n<li>Realizar la revisi\u00f3n y control previo-interno de la documentaci\u00f3n (\u00f3rdenes de compra y servicio, Notas de entrada al almac\u00e9n, Pecosas, Comprobantes de Pago autorizados por la SUNAT), planillas de remuneraciones del personal activo, pensionistas y sobrevivientes y todos documentos que signifique pagos e ingresos antes de realizarse la fase. Devengado si son conforme los c\u00e1lculos y est\u00e1 conforme a las normas.<\/li>\n<li>Registrar las operaciones contables en el Sistema Integrado de Administraci\u00f3n Financiera-SIAF para el Sector P\u00fablico.<\/li>\n<li>Revisar y firmar los comprobantes de pago, estados de compromisos y ejecuci\u00f3n presupuestal, \u00f3rdenes de compra, de servicios, notas de entrada a almac\u00e9n, pedidos comprobante de salida, previa revisi\u00f3n de la documentaci\u00f3n sustentatoria legal.<\/li>\n<li>Revisar y firmar la conciliaci\u00f3n Bancaria y balances de comprobaci\u00f3n mensuales.<\/li>\n<li>Elaborar los Estados Financieros y Presupuestarios en forma oportuna y eficaz.<\/li>\n<li>Registrar y mantener actualizados los libros y registros contables de la instituci\u00f3n.<\/li>\n<li>Realizar la conciliaci\u00f3n de la informaci\u00f3n contable, financiera y presupuestal del ejercicio fiscal correspondiente.<\/li>\n<li>Revisar y liquidar documentos contables como notas de almac\u00e9n, pr\u00e9stamos administrativos, recibos, asientos de ajuste, saldos, bienes patrimoniales y otros.<\/li>\n<li>Brindar apoyo y asesoramiento en el manejo de informaci\u00f3n contable a las Instituciones Educativas.<\/li>\n<li>Coordinar con el \u00c1rea de Gesti\u00f3n Institucional, Finanzas y Presupuesto, sobre la ejecuci\u00f3n del gasto mensual y que \u00e9stos cumplan con las Metas Presupuestarias de la UGEL CUSCO.<\/li>\n<li>Elaborar informes t\u00e9cnicos referidos a su especialidad.<\/li>\n<li>Asesorar y monitorear a los Directores de Instituciones Educativas en lo concerniente a Manejo de cuentas, Libros contables, arqueos de caja, elaboraci\u00f3n de balances, giro de cheques, tr\u00e1mites de Registro \u00danico de Contribuyente (RUC), entre otros.<\/li>\n<li>Elaborar y consolidar informes t\u00e9cnicos sobre movimiento contable de los ingresos y gastos de la instituci\u00f3n, estudios de inversi\u00f3n, operaciones de compromisos y otros de su especialidad.<\/li>\n<li>Elaborar documentos complementarios de orientaci\u00f3n t\u00e9cnico-normativa.<\/li>\n<li>Realizar arqueos de caja, caja chica, cheques en cartera en coordinaci\u00f3n con tesorer\u00eda y elaborar las actas correspondientes.<\/li>\n<li>Cumplir con la recepci\u00f3n y entrega de cargo debidamente documentado, al asumir o dejar el cargo (Por vacaciones, rotaciones, culminaci\u00f3n de servicios y otros).<\/li>\n<li>Otras funciones que se le asigne y corresponda.<\/li>\n<\/ul>\n<p>[\/vc_column_text][\/vc_column][\/vc_row]<\/p>\n","protected":false},"excerpt":{"rendered":"<p>[vc_row][vc_column][vc_column_text] ADMINISTRACI\u00d3N &#8211; \u00c1REA DE CONTABILIDAD [\/vc_column_text][vc_column_text] FUNCIONES DEL \u00c1REA: Elaborar los asientos contables con las \u00d3rdenes de Compra, Ordenes de Servicio, Notas de Entrada al Almac\u00e9n y Pedidos Comprobantes de Salida que reflejan el movimiento de entradas y salidas de Almac\u00e9n, libro de caja, bancos, planillas y otros documentos fuente contables y registro de [&hellip;]<\/p>\n","protected":false},"author":1,"featured_media":0,"parent":0,"menu_order":0,"comment_status":"closed","ping_status":"closed","template":"","meta":{"qubely_global_settings":"","qubely_interactions":"","footnotes":""},"class_list":["post-8701","page","type-page","status-publish","hentry"],"_links":{"self":[{"href":"https:\/\/ugelcusco.gob.pe\/ws\/wp-json\/wp\/v2\/pages\/8701","targetHints":{"allow":["GET"]}}],"collection":[{"href":"https:\/\/ugelcusco.gob.pe\/ws\/wp-json\/wp\/v2\/pages"}],"about":[{"href":"https:\/\/ugelcusco.gob.pe\/ws\/wp-json\/wp\/v2\/types\/page"}],"author":[{"embeddable":true,"href":"https:\/\/ugelcusco.gob.pe\/ws\/wp-json\/wp\/v2\/users\/1"}],"replies":[{"embeddable":true,"href":"https:\/\/ugelcusco.gob.pe\/ws\/wp-json\/wp\/v2\/comments?post=8701"}],"version-history":[{"count":2,"href":"https:\/\/ugelcusco.gob.pe\/ws\/wp-json\/wp\/v2\/pages\/8701\/revisions"}],"predecessor-version":[{"id":8707,"href":"https:\/\/ugelcusco.gob.pe\/ws\/wp-json\/wp\/v2\/pages\/8701\/revisions\/8707"}],"wp:attachment":[{"href":"https:\/\/ugelcusco.gob.pe\/ws\/wp-json\/wp\/v2\/media?parent=8701"}],"curies":[{"name":"wp","href":"https:\/\/api.w.org\/{rel}","templated":true}]}}