{"id":8706,"date":"2021-06-22T12:08:57","date_gmt":"2021-06-22T17:08:57","guid":{"rendered":"https:\/\/ugelcusco.gob.pe\/ws\/?page_id=8706"},"modified":"2021-06-22T12:10:59","modified_gmt":"2021-06-22T17:10:59","slug":"direccion-de-gestion-institucional-presupuesto-y-planificacion","status":"publish","type":"page","link":"https:\/\/ugelcusco.gob.pe\/ws\/direccion-de-gestion-institucional-presupuesto-y-planificacion\/","title":{"rendered":"DIRECCI\u00d3N DE GESTI\u00d3N INSTITUCIONAL &#8211; PRESUPUESTO Y PLANIFICACI\u00d3N"},"content":{"rendered":"<p>[vc_row][vc_column][vc_column_text]<\/p>\n<h3 style=\"text-align: center;\"><strong>DIRECCI\u00d3N DE GESTI\u00d3N INSTITUCIONAL &#8211; PRESUPUESTO Y PLANIFICACI\u00d3N<\/strong><\/h3>\n<p>[\/vc_column_text][vc_column_text]<\/p>\n<h4>DESCRIPCI\u00d3N DEL \u00c1REA<\/h4>\n<p>El \u00c1rea de Planificaci\u00f3n y Presupuesto es el \u00f3rgano responsable de conducir la ejecuci\u00f3n de los procesos de planeamiento, coordinaci\u00f3n, seguimiento y evaluaci\u00f3n de los planes y presupuesto de la UGEL CUSCO.<\/p>\n<p>Tambi\u00e9n est\u00e1 a cargo de los procesos de racionalizaci\u00f3n de plazas, modernizaci\u00f3n de la gesti\u00f3n p\u00fablica y de estad\u00edstica y calidad educativa en la jurisdicci\u00f3n de la UGEL CUSCO. Asimismo, se encarga del soporte t\u00e9cnico inform\u00e1tico y la gesti\u00f3n de las tecnolog\u00edas de la informaci\u00f3n y comunicaci\u00f3n.[\/vc_column_text][\/vc_column][\/vc_row]<\/p>\n","protected":false},"excerpt":{"rendered":"<p>[vc_row][vc_column][vc_column_text] DIRECCI\u00d3N DE GESTI\u00d3N INSTITUCIONAL &#8211; PRESUPUESTO Y PLANIFICACI\u00d3N [\/vc_column_text][vc_column_text] DESCRIPCI\u00d3N DEL \u00c1REA El \u00c1rea de Planificaci\u00f3n y Presupuesto es el \u00f3rgano responsable de conducir la ejecuci\u00f3n de los procesos de planeamiento, coordinaci\u00f3n, seguimiento y evaluaci\u00f3n de los planes y presupuesto de la UGEL CUSCO. Tambi\u00e9n est\u00e1 a cargo de los procesos de racionalizaci\u00f3n de [&hellip;]<\/p>\n","protected":false},"author":1,"featured_media":0,"parent":0,"menu_order":0,"comment_status":"closed","ping_status":"closed","template":"","meta":{"qubely_global_settings":"","qubely_interactions":"","footnotes":""},"class_list":["post-8706","page","type-page","status-publish","hentry"],"_links":{"self":[{"href":"https:\/\/ugelcusco.gob.pe\/ws\/wp-json\/wp\/v2\/pages\/8706","targetHints":{"allow":["GET"]}}],"collection":[{"href":"https:\/\/ugelcusco.gob.pe\/ws\/wp-json\/wp\/v2\/pages"}],"about":[{"href":"https:\/\/ugelcusco.gob.pe\/ws\/wp-json\/wp\/v2\/types\/page"}],"author":[{"embeddable":true,"href":"https:\/\/ugelcusco.gob.pe\/ws\/wp-json\/wp\/v2\/users\/1"}],"replies":[{"embeddable":true,"href":"https:\/\/ugelcusco.gob.pe\/ws\/wp-json\/wp\/v2\/comments?post=8706"}],"version-history":[{"count":3,"href":"https:\/\/ugelcusco.gob.pe\/ws\/wp-json\/wp\/v2\/pages\/8706\/revisions"}],"predecessor-version":[{"id":8714,"href":"https:\/\/ugelcusco.gob.pe\/ws\/wp-json\/wp\/v2\/pages\/8706\/revisions\/8714"}],"wp:attachment":[{"href":"https:\/\/ugelcusco.gob.pe\/ws\/wp-json\/wp\/v2\/media?parent=8706"}],"curies":[{"name":"wp","href":"https:\/\/api.w.org\/{rel}","templated":true}]}}