{"id":8712,"date":"2021-06-22T12:12:09","date_gmt":"2021-06-22T17:12:09","guid":{"rendered":"https:\/\/ugelcusco.gob.pe\/ws\/?page_id=8712"},"modified":"2021-06-22T12:12:09","modified_gmt":"2021-06-22T17:12:09","slug":"administracion-area-de-remuneraciones","status":"publish","type":"page","link":"https:\/\/ugelcusco.gob.pe\/ws\/administracion-area-de-remuneraciones\/","title":{"rendered":"ADMINISTRACI\u00d3N &#8211; \u00c1REA DE REMUNERACIONES"},"content":{"rendered":"<p>[vc_row][vc_column][vc_column_text]<\/p>\n<h3 style=\"text-align: center;\"><strong>ADMINISTRACI\u00d3N &#8211; \u00c1REA DE REMUNERACIONES<\/strong><\/h3>\n<p>[\/vc_column_text][vc_column_text]<\/p>\n<h4>FUNCIONES DEL \u00c1REA:<\/h4>\n<ul>\n<li>Recepcionar, clasificar y archivar toda documentaci\u00f3n que ingresa para el proceso de remuneraciones. As\u00ed como la atenci\u00f3n oportuna de los mismos.<\/li>\n<li>Formular planillas de pago del personal nombrado y contratado de acuerdo con las resoluciones emitidas.<\/li>\n<li>Efectuar descuentos por disposici\u00f3n expresa del Poder Judicial y lo dispuesto por el \u00c1rea de Recursos Humanos.<\/li>\n<li>Emitir informes de haberes por beneficios del administrado, por concepto de subsidios por luto, gastos de sepelio, gratificaciones, entre otros.<\/li>\n<li>Formular planillas manuales en atenci\u00f3n a las resoluciones emitidas, por conceptos no inducidos en el sistema \u00fanico de planillas.<\/li>\n<li>Reportar informes de haberes solicitada por las instancias administrativas e instituciones p\u00fablicas y privadas de acuerdo a ley.<\/li>\n<li>Lectura y carga de descuento de entidades con casillero habilitado en el SUP.<\/li>\n<li>Emisi\u00f3n de copia de actuados solicitados por el \u00e1rea de asesor\u00eda jur\u00eddica.<\/li>\n<li>Proceso de planillas de activos y pensionistas.<\/li>\n<li>Otras que disponga el jefe inmediato superior.<\/li>\n<\/ul>\n<p>[\/vc_column_text][\/vc_column][\/vc_row]<\/p>\n","protected":false},"excerpt":{"rendered":"<p>[vc_row][vc_column][vc_column_text] ADMINISTRACI\u00d3N &#8211; \u00c1REA DE REMUNERACIONES [\/vc_column_text][vc_column_text] FUNCIONES DEL \u00c1REA: Recepcionar, clasificar y archivar toda documentaci\u00f3n que ingresa para el proceso de remuneraciones. As\u00ed como la atenci\u00f3n oportuna de los mismos. Formular planillas de pago del personal nombrado y contratado de acuerdo con las resoluciones emitidas. Efectuar descuentos por disposici\u00f3n expresa del Poder Judicial y [&hellip;]<\/p>\n","protected":false},"author":1,"featured_media":0,"parent":0,"menu_order":0,"comment_status":"closed","ping_status":"closed","template":"","meta":{"qubely_global_settings":"","qubely_interactions":"","footnotes":""},"class_list":["post-8712","page","type-page","status-publish","hentry"],"_links":{"self":[{"href":"https:\/\/ugelcusco.gob.pe\/ws\/wp-json\/wp\/v2\/pages\/8712","targetHints":{"allow":["GET"]}}],"collection":[{"href":"https:\/\/ugelcusco.gob.pe\/ws\/wp-json\/wp\/v2\/pages"}],"about":[{"href":"https:\/\/ugelcusco.gob.pe\/ws\/wp-json\/wp\/v2\/types\/page"}],"author":[{"embeddable":true,"href":"https:\/\/ugelcusco.gob.pe\/ws\/wp-json\/wp\/v2\/users\/1"}],"replies":[{"embeddable":true,"href":"https:\/\/ugelcusco.gob.pe\/ws\/wp-json\/wp\/v2\/comments?post=8712"}],"version-history":[{"count":2,"href":"https:\/\/ugelcusco.gob.pe\/ws\/wp-json\/wp\/v2\/pages\/8712\/revisions"}],"predecessor-version":[{"id":8715,"href":"https:\/\/ugelcusco.gob.pe\/ws\/wp-json\/wp\/v2\/pages\/8712\/revisions\/8715"}],"wp:attachment":[{"href":"https:\/\/ugelcusco.gob.pe\/ws\/wp-json\/wp\/v2\/media?parent=8712"}],"curies":[{"name":"wp","href":"https:\/\/api.w.org\/{rel}","templated":true}]}}