{"id":8720,"date":"2021-06-22T12:19:07","date_gmt":"2021-06-22T17:19:07","guid":{"rendered":"https:\/\/ugelcusco.gob.pe\/ws\/?page_id=8720"},"modified":"2021-06-22T12:19:07","modified_gmt":"2021-06-22T17:19:07","slug":"administracion-area-de-personal","status":"publish","type":"page","link":"https:\/\/ugelcusco.gob.pe\/ws\/administracion-area-de-personal\/","title":{"rendered":"ADMINISTRACI\u00d3N &#8211; \u00c1REA DE PERSONAL"},"content":{"rendered":"<p>[vc_row][vc_column][vc_column_text]<\/p>\n<h3 style=\"text-align: center;\"><strong>ADMINISTRACI\u00d3N &#8211; \u00c1REA DE PERSONAL<\/strong><\/h3>\n<p>[\/vc_column_text][vc_column_text]<\/p>\n<h4>FUNCIONES DEL \u00c1REA:<\/h4>\n<ul>\n<li>Planificar, organizar, controlar, supervisar y evaluar las actividades relacionadas al aspecto laboral con el personal en el \u00e1mbito de la UGEL CUSCO.<\/li>\n<li>Conducir, ejecutar, evaluar y supervisar el cumplimiento de las acciones de personal referidas a ingreso y desplazamiento de personal, capacitaci\u00f3n, Control de Asistencia y permanencia del personal, evaluaci\u00f3n del Comportamiento laboral del personal docente y administrativo de la UGEL CUSCO.<\/li>\n<li>Calificar los expedientes ingresados y revisar los proyectos de Resoluci\u00f3n que formulen los t\u00e9cnicos de Personal de la Sede.<\/li>\n<li>Participar en las acciones de evaluaci\u00f3n del comportamiento laboral, proponiendo las directivas y procedimientos correspondientes para su ejecuci\u00f3n.<\/li>\n<li>Supervisar y coordinar la aplicaci\u00f3n de los procesos t\u00e9cnicos de personal en la jurisdicci\u00f3n de la Unidad de Gesti\u00f3n Educativa Local de Cusco<\/li>\n<li>Participar en las comisiones en la que se le designe.<\/li>\n<li>Asesorar al Director de la Oficina de Administraci\u00f3n en acciones de su competencia.<\/li>\n<li>Coordinar con la Direcci\u00f3n de Gesti\u00f3n Institucional las acciones para la formulaci\u00f3n del PAP y CAP.<\/li>\n<li>Formular el Rol de vacaciones del personal de la Sede de la Unidad de Gesti\u00f3n Educativa Local de Cusco.<\/li>\n<li>Otras funciones de su competencia que le asigne el Director.<\/li>\n<\/ul>\n<p>[\/vc_column_text][\/vc_column][\/vc_row]<\/p>\n","protected":false},"excerpt":{"rendered":"<p>[vc_row][vc_column][vc_column_text] ADMINISTRACI\u00d3N &#8211; \u00c1REA DE PERSONAL [\/vc_column_text][vc_column_text] FUNCIONES DEL \u00c1REA: Planificar, organizar, controlar, supervisar y evaluar las actividades relacionadas al aspecto laboral con el personal en el \u00e1mbito de la UGEL CUSCO. Conducir, ejecutar, evaluar y supervisar el cumplimiento de las acciones de personal referidas a ingreso y desplazamiento de personal, capacitaci\u00f3n, Control de Asistencia [&hellip;]<\/p>\n","protected":false},"author":1,"featured_media":0,"parent":0,"menu_order":0,"comment_status":"closed","ping_status":"closed","template":"","meta":{"qubely_global_settings":"","qubely_interactions":"","footnotes":""},"class_list":["post-8720","page","type-page","status-publish","hentry"],"_links":{"self":[{"href":"https:\/\/ugelcusco.gob.pe\/ws\/wp-json\/wp\/v2\/pages\/8720","targetHints":{"allow":["GET"]}}],"collection":[{"href":"https:\/\/ugelcusco.gob.pe\/ws\/wp-json\/wp\/v2\/pages"}],"about":[{"href":"https:\/\/ugelcusco.gob.pe\/ws\/wp-json\/wp\/v2\/types\/page"}],"author":[{"embeddable":true,"href":"https:\/\/ugelcusco.gob.pe\/ws\/wp-json\/wp\/v2\/users\/1"}],"replies":[{"embeddable":true,"href":"https:\/\/ugelcusco.gob.pe\/ws\/wp-json\/wp\/v2\/comments?post=8720"}],"version-history":[{"count":2,"href":"https:\/\/ugelcusco.gob.pe\/ws\/wp-json\/wp\/v2\/pages\/8720\/revisions"}],"predecessor-version":[{"id":8722,"href":"https:\/\/ugelcusco.gob.pe\/ws\/wp-json\/wp\/v2\/pages\/8720\/revisions\/8722"}],"wp:attachment":[{"href":"https:\/\/ugelcusco.gob.pe\/ws\/wp-json\/wp\/v2\/media?parent=8720"}],"curies":[{"name":"wp","href":"https:\/\/api.w.org\/{rel}","templated":true}]}}