{"id":8727,"date":"2021-06-22T12:27:18","date_gmt":"2021-06-22T17:27:18","guid":{"rendered":"https:\/\/ugelcusco.gob.pe\/ws\/?page_id=8727"},"modified":"2024-11-28T18:42:02","modified_gmt":"2024-11-28T23:42:02","slug":"direccion-de-gestion-institucional-racionalizacion","status":"publish","type":"page","link":"https:\/\/ugelcusco.gob.pe\/ws\/direccion-de-gestion-institucional-racionalizacion\/","title":{"rendered":"DIRECCI\u00d3N DE GESTI\u00d3N INSTITUCIONAL \u2013 RACIONALIZACI\u00d3N"},"content":{"rendered":"<p>[vc_row][vc_column][vc_column_text]<\/p>\n<h3 style=\"text-align: center;\"><strong>DIRECCI\u00d3N DE GESTI\u00d3N INSTITUCIONAL \u2013 RACIONALIZACI\u00d3N<\/strong><\/h3>\n<p>[\/vc_column_text][vc_column_text]<\/p>\n<h4>FUNCIONES DEL \u00c1REA<\/h4>\n<ul>\n<li style=\"font-weight: 400;\" aria-level=\"1\"><span style=\"font-weight: 400;\">Participar en la elaboraci\u00f3n y ejecuci\u00f3n de propuestas de normas y alternativas que orienten la racionalizaci\u00f3n de recursos humanos y materiales de la sede institucional e instituciones educativas, en coordinaci\u00f3n con el \u00c1rea de Gesti\u00f3n Administrativa.<\/span><\/li>\n<li style=\"font-weight: 400;\" aria-level=\"1\"><span style=\"font-weight: 400;\">Apoyar en la elaboraci\u00f3n, formulaci\u00f3n y evaluaci\u00f3n de informes t\u00e9cnicos, sobre asuntos relacionados a creaci\u00f3n, fusi\u00f3n, apertura, reapertura, reubicaci\u00f3n, receso. Ampliaci\u00f3n, clausura de Instituciones Educativas P\u00fablicas y privadas.<\/span><\/li>\n<li style=\"font-weight: 400;\" aria-level=\"1\"><span style=\"font-weight: 400;\">Participar en la formulaci\u00f3n, validaci\u00f3n y aprobaci\u00f3n de estructuras org\u00e1nicas, perfiles de puestos, reordenamientos de cargos y Cuadro para Asignaci\u00f3n de Personal Provisional.<\/span><\/li>\n<li style=\"font-weight: 400;\" aria-level=\"1\"><span style=\"font-weight: 400;\">Apoyar en la propuesta, an\u00e1lisis y promoci\u00f3n de la simplificaci\u00f3n de procedimientos administrativos y m\u00e9todos de trabajo, brindando orientaciones para su implementaci\u00f3n.<\/span><\/li>\n<li style=\"font-weight: 400;\" aria-level=\"1\"><span style=\"font-weight: 400;\">Coordinar eventos de capacitaci\u00f3n en Gesti\u00f3n Institucional, de personal directivo y administrativo de las IE. y de los programas educativos.<\/span><\/li>\n<li style=\"font-weight: 400;\" aria-level=\"1\"><span style=\"font-weight: 400;\">Participar en la implementaci\u00f3n del proceso de racionalizaci\u00f3n en las Instituciones Educativas P\u00fablicas, en el marco de las disposiciones legales que la rige.<\/span><\/li>\n<li style=\"font-weight: 400;\" aria-level=\"1\"><span style=\"font-weight: 400;\">Evaluar y elaborar informes t\u00e9cnicos del resultado del proceso de racionalizaci\u00f3n.<\/span><\/li>\n<li style=\"font-weight: 400;\" aria-level=\"1\"><span style=\"font-weight: 400;\">Otras funciones asignadas por el superior inmediato.<\/span><\/li>\n<\/ul>\n<p>[\/vc_column_text][\/vc_column][\/vc_row]<\/p>\n<p style=\"text-align: center;\"><span style=\"font-size: 18px;\"><strong>PROCESO DE RACIONALIZACI\u00d3N 2024<\/strong><\/span><\/p>\n<p style=\"text-align: center;\"><div class=\"wptb-container-legacy\" data-table-id=\"19235\">\n    <table class=\"wptb-preview-table wptb-table-preview-head wptb-element-main-table_setting-1802\" data-reconstraction=\"1\" data-wptb-adaptive-table=\"0\" data-wptb-table-tds-sum-max-width=\"493\" data-wptb-cells-width-auto-count=\"2\" style=\"display: table; border-width: 2px;\" data-table-columns=\"4\" role=\"table\" data-wptb-responsive-directives=\"eyJyZXNwb25zaXZlRW5hYmxlZCI6dHJ1ZSwicmVzcG9uc2l2ZU1vZGUiOiJhdXRvIiwicHJlc2VydmVSb3dDb2xvciI6ZmFsc2UsInJlbGF0aXZlV2lkdGgiOiJ3aW5kb3ciLCJoZWFkZXJGdWxseU1lcmdlZCI6ZmFsc2UsIm1vZGVPcHRpb25zIjp7ImF1dG8iOnsiZGlzYWJsZWQiOnsiZGVza3RvcCI6ZmFsc2UsInRhYmxldCI6ZmFsc2UsIm1vYmlsZSI6ZmFsc2V9LCJ0b3BSb3dBc0hlYWRlciI6eyJkZXNrdG9wIjpmYWxzZSwidGFibGV0Ijp0cnVlLCJtb2JpbGUiOnRydWV9LCJyZXBlYXRNZXJnZWRIZWFkZXIiOnsiZGVza3RvcCI6dHJ1ZSwidGFibGV0Ijp0cnVlLCJtb2JpbGUiOnRydWV9LCJzdGF0aWNUb3BSb3ciOnsiZGVza3RvcCI6ZmFsc2UsInRhYmxldCI6ZmFsc2UsIm1vYmlsZSI6ZmFsc2V9LCJjZWxsU3RhY2tEaXJlY3Rpb24iOnsiZGVza3RvcCI6InJvdyIsInRhYmxldCI6InJvdyIsIm1vYmlsZSI6InJvdyJ9LCJjZWxsc1BlclJvdyI6eyJkZXNrdG9wIjoxLCJ0YWJsZXQiOjIsIm1vYmlsZSI6MX19fSwiYnJlYWtwb2ludHMiOnsiZGVza3RvcCI6eyJuYW1lIjoiZGVza3RvcCIsIndpZHRoIjoxMDI0fSwidGFibGV0Ijp7Im5hbWUiOiJ0YWJsZXQiLCJ3aWR0aCI6NzAwfSwibW9iaWxlIjp7Im5hbWUiOiJtb2JpbGUiLCJ3aWR0aCI6MzAwfX19\" data-wptb-table-directives=\"eyJpbm5lckJvcmRlcnMiOnsiYWN0aXZlIjoiYWxsIiwiYm9yZGVyV2lkdGgiOiIiLCJib3JkZXJSYWRpdXNlcyI6eyJhbGwiOmZhbHNlfX19\" data-wptb-extra-styles=\"LyogRW50ZXIgeW91ciBjdXN0b20gQ1NTIHJ1bGVzIGhlcmUgKi8=\" data-wptb-horizontal-scroll-status=\"false\" data-wptb-header-background-color=\"#4A90E2FF\"><tbody><tr class=\"wptb-row wptb-table-head\" style=\"background-color: rgb(74, 144, 226);\" data-wptb-bg-color=\"#DD9933\"><td class=\"wptb-cell\" data-x-index=\"0\" style=\"padding: 3px; width: 91px; height: 49px;\" data-y-index=\"0\" data-sorted-vertical=\"ask-disabled\"><div class=\"wptb-text-container wptb-ph-element wptb-element-text-2\" style=\"color: rgb(255, 255, 255); font-size: 15px;\"><div class=\"\" style=\"position: relative;\"><p style=\"text-align: center;\"><strong>N\u00b0<\/strong><\/p><\/div><\/div><\/td><td class=\"wptb-cell\" data-x-index=\"1\" style=\"padding: 3px; height: 49px; width: 178px;\" data-y-index=\"0\" data-sorted-vertical=\"ask-disabled\" data-wptb-cell-vertical-alignment=\"center\"><div class=\"wptb-text-container wptb-ph-element wptb-element-text-3\" style=\"color: rgb(255, 255, 255); font-size: 15px;\"><div class=\"\" style=\"position: relative;\"><p style=\"text-align: center;\"><strong>CONVOCATORIA<\/strong><\/p><\/div><\/div><\/td><td class=\"wptb-cell\" data-x-index=\"2\" data-wptb-css-td-auto-width=\"true\" style=\"padding: 3px; height: 49px;\" data-y-index=\"0\" data-sorted-vertical=\"ask-disabled\"><div class=\"wptb-text-container wptb-ph-element wptb-element-text-4\" style=\"color: rgb(255, 255, 255); font-size: 15px;\"><div class=\"\" style=\"position: relative;\"><p style=\"text-align: center;\"><strong>EXCEDENCIA<\/strong><\/p><\/div><\/div><\/td><td class=\"wptb-cell\" data-x-index=\"3\" data-wptb-css-td-auto-width=\"true\" style=\"padding: 3px; height: 49px;\" data-y-index=\"0\" data-sorted-vertical=\"ask-disabled\"><div class=\"wptb-text-container wptb-ph-element wptb-element-text-1\" style=\"color: rgb(255, 255, 255); font-size: 15px;\"><div class=\"\" style=\"position: relative;\"><p style=\"text-align: center;\"><strong>REQUERIMIENTO<\/strong><\/p><\/div><\/div><\/td><\/tr><tr class=\"wptb-row\" data-wptb-bg-color=\"\" style=\"--hover-bg-color: undefined;\"><td class=\"wptb-cell\" data-x-index=\"0\" style=\"padding: 3px; width: 91px;\" data-wptb-title-column=\"Name\" data-wptb-title-column-font-size=\"\" data-wptb-title-column-color=\"rgb(255, 255, 255)\" data-wptb-title-background-color=\"rgb(221, 153, 51)\" data-wptb-title-align=\"center\" data-y-index=\"1\"><div class=\"wptb-text-container wptb-ph-element wptb-element-text-6 edit-active\" style=\"color: rgb(0, 0, 0); font-size: 15px;\"><div class=\"\" style=\"position: relative;\"><p style=\"text-align: center;\"><strong>01-2024<\/strong><br><\/p><\/div><\/div><\/td><td class=\"wptb-cell\" data-x-index=\"1\" style=\"padding: 3px; width: 178px;\" data-wptb-title-column=\"Position\" data-wptb-title-column-font-size=\"\" data-wptb-title-column-color=\"rgb(255, 255, 255)\" data-wptb-title-background-color=\"rgb(221, 153, 51)\" data-wptb-title-align=\"center\" data-y-index=\"1\"><div class=\"wptb-image-container wptb-ph-element wptb-element-image-3\" data-wptb-image-alignment=\"center\"><div class=\"wptb-image-wrapper\">            <a class=\"wptb-link-target\" style=\"float: none; width: 25%;\" href=\"https:\/\/ugelcusco.gob.pe\/ws\/wp-content\/uploads\/2024\/11\/CONVOCATORIOA_RACIONALIZACION.pdf\">                                <img fetchpriority=\"high\" decoding=\"async\" class=\"wptb-image-element-target\" height=\"1322\" width=\"1116\" src=\"\/\/ugelcusco.gob.pe\/ws\/wp-content\/uploads\/2023\/04\/icono-pdf.png\" style=\"width: 100%;\">            <\/a>        <\/div><\/div><\/td><td class=\"wptb-cell\" data-x-index=\"2\" data-wptb-css-td-auto-width=\"true\" style=\"padding: 3px;\" data-wptb-title-column=\"Office\" data-wptb-title-column-font-size=\"\" data-wptb-title-column-color=\"rgb(255, 255, 255)\" data-wptb-title-background-color=\"rgb(221, 153, 51)\" data-wptb-title-align=\"center\" data-y-index=\"1\"><div class=\"wptb-image-container wptb-ph-element wptb-element-image-4\" data-wptb-image-alignment=\"center\"><div class=\"wptb-image-wrapper\">            <a class=\"wptb-link-target\" style=\"float: none; width: 10%;\" href=\"https:\/\/ugelcusco.gob.pe\/ws\/wp-content\/uploads\/2024\/11\/EXCEDENCIA_RACIONALIZACION.pdf\">                                <img fetchpriority=\"high\" decoding=\"async\" class=\"wptb-image-element-target\" height=\"1322\" width=\"1116\" src=\"\/\/ugelcusco.gob.pe\/ws\/wp-content\/uploads\/2023\/04\/icono-pdf.png\" style=\"width: 100%;\">            <\/a>        <\/div><\/div><\/td><td class=\"wptb-cell\" data-x-index=\"3\" data-wptb-css-td-auto-width=\"true\" style=\"padding: 3px;\" data-wptb-title-column=\"Age\" data-wptb-title-column-font-size=\"\" data-wptb-title-column-color=\"rgb(255, 255, 255)\" data-wptb-title-background-color=\"rgb(221, 153, 51)\" data-wptb-title-align=\"center\" data-y-index=\"1\"><div class=\"wptb-image-container wptb-ph-element wptb-element-image-2\" data-wptb-image-alignment=\"center\"><div class=\"wptb-image-wrapper\">            <a class=\"wptb-link-target\" style=\"float: none; width: 10%;\" href=\"https:\/\/ugelcusco.gob.pe\/ws\/wp-content\/uploads\/2024\/11\/REQUERIMIENTO_RACIONALIZACION.pdf\">                                <img fetchpriority=\"high\" decoding=\"async\" class=\"wptb-image-element-target\" height=\"1322\" width=\"1116\" src=\"\/\/ugelcusco.gob.pe\/ws\/wp-content\/uploads\/2023\/04\/icono-pdf.png\" style=\"width: 100%;\">            <\/a>        <\/div><\/div><\/td><\/tr><tr class=\"wptb-row\" data-wptb-bg-color=\"\" style=\"--hover-bg-color: undefined;\"><td class=\"wptb-cell\" data-x-index=\"0\" style=\"padding: 3px; width: 91px;\" data-wptb-title-column=\"Name\" data-wptb-title-column-font-size=\"\" data-wptb-title-column-color=\"rgb(255, 255, 255)\" data-wptb-title-background-color=\"rgb(221, 153, 51)\" data-wptb-title-align=\"center\" data-y-index=\"2\"><div class=\"wptb-text-container wptb-ph-element wptb-element-text-7\" style=\"color: rgb(0, 0, 0); font-size: 15px;\"><div class=\"\" style=\"position: relative;\"><p style=\"text-align: center;\"><\/p><\/div><\/div><\/td><td class=\"wptb-cell\" data-x-index=\"1\" style=\"padding: 3px; width: 178px;\" data-wptb-title-column=\"Position\" data-wptb-title-column-font-size=\"\" data-wptb-title-column-color=\"rgb(255, 255, 255)\" data-wptb-title-background-color=\"rgb(221, 153, 51)\" data-wptb-title-align=\"center\" data-y-index=\"2\"><div class=\"wptb-text-container wptb-ph-element wptb-element-text-10\" style=\"color: rgb(0, 0, 0); font-size: 15px;\"><div class=\"\" style=\"position: relative;\"><p style=\"text-align: center;\"><br><\/p><\/div><\/div><\/td><td class=\"wptb-cell\" data-x-index=\"2\" data-wptb-css-td-auto-width=\"true\" style=\"padding: 3px;\" data-wptb-title-column=\"Office\" data-wptb-title-column-font-size=\"\" data-wptb-title-column-color=\"rgb(255, 255, 255)\" data-wptb-title-background-color=\"rgb(221, 153, 51)\" data-wptb-title-align=\"center\" data-y-index=\"2\"><div class=\"wptb-text-container wptb-ph-element wptb-element-text-15\" style=\"color: rgb(0, 0, 0); font-size: 15px;\"><div class=\"\" style=\"position: relative;\"><p style=\"text-align: center;\"><\/p><\/div><\/div><\/td><td class=\"wptb-cell\" data-x-index=\"3\" data-wptb-css-td-auto-width=\"true\" style=\"padding: 3px;\" data-wptb-title-column=\"Age\" data-wptb-title-column-font-size=\"\" data-wptb-title-column-color=\"rgb(255, 255, 255)\" data-wptb-title-background-color=\"rgb(221, 153, 51)\" data-wptb-title-align=\"center\" data-y-index=\"2\"><div class=\"wptb-text-container wptb-ph-element wptb-element-text-17\" style=\"color: rgb(0, 0, 0); font-size: 15px;\"><div class=\"\" style=\"position: relative;\"><p><\/p><\/div><\/div><\/td><\/tr><\/tbody><\/table>\n<\/div>\n","protected":false},"excerpt":{"rendered":"<p>[vc_row][vc_column][vc_column_text] DIRECCI\u00d3N DE GESTI\u00d3N INSTITUCIONAL \u2013 RACIONALIZACI\u00d3N [\/vc_column_text][vc_column_text] FUNCIONES DEL \u00c1REA Participar en la elaboraci\u00f3n y ejecuci\u00f3n de propuestas de normas y alternativas que orienten la racionalizaci\u00f3n de recursos humanos y materiales de la sede institucional e instituciones educativas, en coordinaci\u00f3n con el \u00c1rea de Gesti\u00f3n Administrativa. Apoyar en la elaboraci\u00f3n, formulaci\u00f3n y evaluaci\u00f3n de [&hellip;]<\/p>\n","protected":false},"author":1,"featured_media":0,"parent":0,"menu_order":0,"comment_status":"closed","ping_status":"closed","template":"","meta":{"qubely_global_settings":"","qubely_interactions":"","footnotes":""},"class_list":["post-8727","page","type-page","status-publish","hentry"],"_links":{"self":[{"href":"https:\/\/ugelcusco.gob.pe\/ws\/wp-json\/wp\/v2\/pages\/8727","targetHints":{"allow":["GET"]}}],"collection":[{"href":"https:\/\/ugelcusco.gob.pe\/ws\/wp-json\/wp\/v2\/pages"}],"about":[{"href":"https:\/\/ugelcusco.gob.pe\/ws\/wp-json\/wp\/v2\/types\/page"}],"author":[{"embeddable":true,"href":"https:\/\/ugelcusco.gob.pe\/ws\/wp-json\/wp\/v2\/users\/1"}],"replies":[{"embeddable":true,"href":"https:\/\/ugelcusco.gob.pe\/ws\/wp-json\/wp\/v2\/comments?post=8727"}],"version-history":[{"count":6,"href":"https:\/\/ugelcusco.gob.pe\/ws\/wp-json\/wp\/v2\/pages\/8727\/revisions"}],"predecessor-version":[{"id":19247,"href":"https:\/\/ugelcusco.gob.pe\/ws\/wp-json\/wp\/v2\/pages\/8727\/revisions\/19247"}],"wp:attachment":[{"href":"https:\/\/ugelcusco.gob.pe\/ws\/wp-json\/wp\/v2\/media?parent=8727"}],"curies":[{"name":"wp","href":"https:\/\/api.w.org\/{rel}","templated":true}]}}