{"id":8733,"date":"2021-06-22T12:37:50","date_gmt":"2021-06-22T17:37:50","guid":{"rendered":"https:\/\/ugelcusco.gob.pe\/ws\/?page_id=8733"},"modified":"2021-06-22T12:37:50","modified_gmt":"2021-06-22T17:37:50","slug":"direccion-de-gestion-pedagogica-nivel-secundario","status":"publish","type":"page","link":"https:\/\/ugelcusco.gob.pe\/ws\/direccion-de-gestion-pedagogica-nivel-secundario\/","title":{"rendered":"DIRECCI\u00d3N DE GESTI\u00d3N PEDAG\u00d3GICA &#8211; NIVEL SECUNDARIO"},"content":{"rendered":"<p>[vc_row][vc_column][vc_column_text]<\/p>\n<h3 style=\"text-align: center;\"><strong>DIRECCI\u00d3N DE GESTI\u00d3N PEDAG\u00d3GICA &#8211; NIVEL SECUNDARIO<\/strong><\/h3>\n<p>[\/vc_column_text][vc_column_text]<\/p>\n<h4>FUNCIONES DEL \u00c1REA<\/h4>\n<ul>\n<li style=\"font-weight: 400;\" aria-level=\"1\"><span style=\"font-weight: 400;\">Proponer y participar en las acciones de adecuaci\u00f3n y dise\u00f1o de pol\u00edticas y normatividad educativa y dem\u00e1s dispositivos de su competencia a las necesidades locales.<\/span><\/li>\n<li style=\"font-weight: 400;\" aria-level=\"1\"><span style=\"font-weight: 400;\">Supervisar y monitorear la aplicaci\u00f3n de la pol\u00edtica y normas t\u00e9cnico pedag\u00f3gicas en los Centros, Programas e Instituciones Educativas de la jurisdicci\u00f3n de acuerdo a los planes aprobados.<\/span><\/li>\n<li style=\"font-weight: 400;\" aria-level=\"1\"><span style=\"font-weight: 400;\">Brindar asesoramiento y asistencia t\u00e9cnico pedag\u00f3gica al personal directivo y docente de las Instituciones Educativas del nivel secundario.<\/span><\/li>\n<li style=\"font-weight: 400;\" aria-level=\"1\"><span style=\"font-weight: 400;\">Participar en las acciones de promoci\u00f3n de la investigaci\u00f3n t\u00e9cnico pedag\u00f3gica, innovaciones educativas y creaci\u00f3n, experimentaci\u00f3n e intercambio de nuevas tecnolog\u00edas de aprendizaje.<\/span><\/li>\n<li style=\"font-weight: 400;\" aria-level=\"1\"><span style=\"font-weight: 400;\">Orientar y asesorar a los centros y programas educativos en las acciones de desarrollo, adecuaci\u00f3n y diversificaci\u00f3n curricular a las necesidades locales; as\u00ed como, en la producci\u00f3n de material educativo.<\/span><\/li>\n<li style=\"font-weight: 400;\" aria-level=\"1\"><span style=\"font-weight: 400;\">Formular directivas, normas, informes, proyectos, cl\u00e1usulas, para convenios y otros documentos t\u00e9cnicos necesarios para la implementaci\u00f3n de acciones t\u00e9cnico pedag\u00f3gicas.<\/span><\/li>\n<li style=\"font-weight: 400;\" aria-level=\"1\"><span style=\"font-weight: 400;\">Participar en las acciones de medici\u00f3n de la calidad educativa que se realicen en su jurisdicci\u00f3n.<\/span><\/li>\n<li style=\"font-weight: 400;\" aria-level=\"1\"><span style=\"font-weight: 400;\">Programar, coordinar, ejecutar y evaluar las funciones a su cargo, dando cuenta a la Direcci\u00f3n del \u00c1rea de Gesti\u00f3n Pedag\u00f3gica, sobre los resultados.<\/span><\/li>\n<li style=\"font-weight: 400;\" aria-level=\"1\"><span style=\"font-weight: 400;\">Dise\u00f1ar y proponer sistemas de evaluaci\u00f3n curricular, m\u00e9todos, estrategias y\/o sistemas pedag\u00f3gicos apropiados a la realidad local.<\/span><\/li>\n<li style=\"font-weight: 400;\" aria-level=\"1\"><span style=\"font-weight: 400;\">Promover, coordinar y evaluar el desarrollo de acciones y programas escolarizados y no escolarizados.<\/span><\/li>\n<li style=\"font-weight: 400;\" aria-level=\"1\"><span style=\"font-weight: 400;\">Promover la participaci\u00f3n de las organizaciones de base, como Consejos Educativos Institucionales, padres de familia y sectores p\u00fablicos e instituciones privadas en la gesti\u00f3n educativa.<\/span><\/li>\n<li style=\"font-weight: 400;\" aria-level=\"1\"><span style=\"font-weight: 400;\">Promover, supervisar, monitorear y evaluar los proyectos productivos que se desarrollan en el \u00e1mbito jurisdiccional.<\/span><\/li>\n<li style=\"font-weight: 400;\" aria-level=\"1\"><span style=\"font-weight: 400;\">Orientar, coordinar, supervisar y evaluar la organizaci\u00f3n y funcionamiento de las Asociaciones de Padres de Familia.<\/span><\/li>\n<li style=\"font-weight: 400;\" aria-level=\"1\"><span style=\"font-weight: 400;\">Promover la participaci\u00f3n de los docentes en asuntos relacionados con la gesti\u00f3n institucional y redes educativas.<\/span><\/li>\n<li style=\"font-weight: 400;\" aria-level=\"1\"><span style=\"font-weight: 400;\">Programar, ejecutar, evaluar las acciones de Supervisi\u00f3n General y Especializada as\u00ed como el monitoreo a las Instituciones Educativas, proponiendo alternativas de soluci\u00f3n.<\/span><\/li>\n<li style=\"font-weight: 400;\" aria-level=\"1\"><span style=\"font-weight: 400;\">Detectar, prevenir, evaluar y diagnosticar excepcionalidades en los diferentes niveles y modalidades.<\/span><\/li>\n<li style=\"font-weight: 400;\" aria-level=\"1\"><span style=\"font-weight: 400;\">Revisar, visar certificados de estudio y recepcionar las actas de evaluaci\u00f3n de Educaci\u00f3n Secundaria y canalizar su archivamiento.<\/span><\/li>\n<li style=\"font-weight: 400;\" aria-level=\"1\"><span style=\"font-weight: 400;\">Coordinar, planificar, organizar, ejecutar, evaluar y monitorear acciones complementarias que apoyen el desarrollo curricular.<\/span><\/li>\n<li style=\"font-weight: 400;\" aria-level=\"1\"><span style=\"font-weight: 400;\">Participar en la distribuci\u00f3n de horas, supervisi\u00f3n y uso adecuado del material did\u00e1ctico, bibliogr\u00e1fico y de laboratorios en las Instituciones Educativas.<\/span><\/li>\n<li style=\"font-weight: 400;\" aria-level=\"1\"><span style=\"font-weight: 400;\">Planificar, Coordinar, Promover y evaluar el desarrollo de las acciones T\u00e9cnico Pedag\u00f3gicas y administrativas para su correcta aplicaci\u00f3n en las Instituciones Educativas los Programas de Prevenci\u00f3n Integral.<\/span><\/li>\n<li style=\"font-weight: 400;\" aria-level=\"1\"><span style=\"font-weight: 400;\">Elaborar y adecuar las normas T\u00e9cnico Pedag\u00f3gicas y dem\u00e1s dispositivos legales de su competencia a las necesidades y\/o caracter\u00edsticas, local y regional para prevenir el riesgo social de los educandos a trav\u00e9s de los Programas de Prevenci\u00f3n Integral.<\/span><\/li>\n<li style=\"font-weight: 400;\" aria-level=\"1\"><span style=\"font-weight: 400;\">Organizar y asesorar los programas de prevenci\u00f3n del uso indebido de sustancias psicoactivas, Escuela de Padres, Educaci\u00f3n Sexual y Alimentaci\u00f3n Escolar.<\/span><\/li>\n<li style=\"font-weight: 400;\" aria-level=\"1\"><span style=\"font-weight: 400;\">Promover acciones de investigaci\u00f3n, motivaci\u00f3n, difusi\u00f3n sobre el problema del uso indebido de drogas, y la violencia familiar para su prevenci\u00f3n.<\/span><\/li>\n<li style=\"font-weight: 400;\" aria-level=\"1\"><span style=\"font-weight: 400;\">Promover la difusi\u00f3n de los contenidos de Educaci\u00f3n familiar y sexual con la comunidad educativa a trav\u00e9s de la sensibilizaci\u00f3n y capacitaci\u00f3n docente.<\/span><\/li>\n<li style=\"font-weight: 400;\" aria-level=\"1\"><span style=\"font-weight: 400;\">Promover el fortalecimiento de los padres de familia en \u201ceducaci\u00f3n de valores\u201d y con bases s\u00f3lidas que garanticen la seguridad y bienestar de sus hijos(as) en la Instituci\u00f3n Educativa.<\/span><\/li>\n<li style=\"font-weight: 400;\" aria-level=\"1\"><span style=\"font-weight: 400;\">Elaborar los materiales educativos de trabajo de los Programas de Prevenci\u00f3n como gu\u00edas, afiches y videos educativos para el docente.<\/span><\/li>\n<li style=\"font-weight: 400;\" aria-level=\"1\"><span style=\"font-weight: 400;\">Promover e implementar las actividades de municipios y polic\u00edas escolares.<\/span><\/li>\n<li style=\"font-weight: 400;\" aria-level=\"1\"><span style=\"font-weight: 400;\">Participar en el proceso de racionalizaci\u00f3n.<\/span><\/li>\n<li style=\"font-weight: 400;\" aria-level=\"1\"><span style=\"font-weight: 400;\">Participar en la formulaci\u00f3n, ejecuci\u00f3n y evaluaci\u00f3n del Proyecto Educativo Local.<\/span><\/li>\n<li style=\"font-weight: 400;\" aria-level=\"1\"><span style=\"font-weight: 400;\">Consolidar los Informes Trimestrales de las acciones cumplidas.<\/span><\/li>\n<li style=\"font-weight: 400;\" aria-level=\"1\"><span style=\"font-weight: 400;\">Analizar la problem\u00e1tica educativa del nivel y modalidad presentando las observaciones y sugerencias que correspondan a su soluci\u00f3n.<\/span><\/li>\n<li style=\"font-weight: 400;\" aria-level=\"1\"><span style=\"font-weight: 400;\">Participar en la ejecuci\u00f3n de programas de capacitaci\u00f3n, perfeccionamiento y actualizaci\u00f3n docente, a trav\u00e9s de Redes.<\/span><\/li>\n<li style=\"font-weight: 400;\" aria-level=\"1\"><span style=\"font-weight: 400;\">Revisar, visar y recepcionar las actas de evaluaci\u00f3n de Educaci\u00f3n Secundaria y Ocupacional y canalizar su archivamiento.<\/span><\/li>\n<li style=\"font-weight: 400;\" aria-level=\"1\"><span style=\"font-weight: 400;\">Supervisar, orientar y\/o asesorar en la organiza\u00adci\u00f3n y ejecuci\u00f3n de actividades por red.<\/span><\/li>\n<li style=\"font-weight: 400;\" aria-level=\"1\"><span style=\"font-weight: 400;\">Elaborar normas, bases, reglamentos, directivas, etc, en lo concerniente a actividades por red.<\/span><\/li>\n<li style=\"font-weight: 400;\" aria-level=\"1\"><span style=\"font-weight: 400;\">Otras funciones de su competencia que le encargue el Director.<\/span><\/li>\n<\/ul>\n<p>[\/vc_column_text][\/vc_column][\/vc_row]<\/p>\n","protected":false},"excerpt":{"rendered":"<p>[vc_row][vc_column][vc_column_text] DIRECCI\u00d3N DE GESTI\u00d3N PEDAG\u00d3GICA &#8211; NIVEL SECUNDARIO [\/vc_column_text][vc_column_text] FUNCIONES DEL \u00c1REA Proponer y participar en las acciones de adecuaci\u00f3n y dise\u00f1o de pol\u00edticas y normatividad educativa y dem\u00e1s dispositivos de su competencia a las necesidades locales. Supervisar y monitorear la aplicaci\u00f3n de la pol\u00edtica y normas t\u00e9cnico pedag\u00f3gicas en los Centros, Programas e Instituciones [&hellip;]<\/p>\n","protected":false},"author":1,"featured_media":0,"parent":0,"menu_order":0,"comment_status":"closed","ping_status":"closed","template":"","meta":{"qubely_global_settings":"","qubely_interactions":"","footnotes":""},"class_list":["post-8733","page","type-page","status-publish","hentry"],"_links":{"self":[{"href":"https:\/\/ugelcusco.gob.pe\/ws\/wp-json\/wp\/v2\/pages\/8733","targetHints":{"allow":["GET"]}}],"collection":[{"href":"https:\/\/ugelcusco.gob.pe\/ws\/wp-json\/wp\/v2\/pages"}],"about":[{"href":"https:\/\/ugelcusco.gob.pe\/ws\/wp-json\/wp\/v2\/types\/page"}],"author":[{"embeddable":true,"href":"https:\/\/ugelcusco.gob.pe\/ws\/wp-json\/wp\/v2\/users\/1"}],"replies":[{"embeddable":true,"href":"https:\/\/ugelcusco.gob.pe\/ws\/wp-json\/wp\/v2\/comments?post=8733"}],"version-history":[{"count":2,"href":"https:\/\/ugelcusco.gob.pe\/ws\/wp-json\/wp\/v2\/pages\/8733\/revisions"}],"predecessor-version":[{"id":8735,"href":"https:\/\/ugelcusco.gob.pe\/ws\/wp-json\/wp\/v2\/pages\/8733\/revisions\/8735"}],"wp:attachment":[{"href":"https:\/\/ugelcusco.gob.pe\/ws\/wp-json\/wp\/v2\/media?parent=8733"}],"curies":[{"name":"wp","href":"https:\/\/api.w.org\/{rel}","templated":true}]}}