{"id":8737,"date":"2021-06-22T12:42:34","date_gmt":"2021-06-22T17:42:34","guid":{"rendered":"https:\/\/ugelcusco.gob.pe\/ws\/?page_id=8737"},"modified":"2021-06-22T12:42:34","modified_gmt":"2021-06-22T17:42:34","slug":"direccion-de-gestion-pedagogica-eba-y-etp","status":"publish","type":"page","link":"https:\/\/ugelcusco.gob.pe\/ws\/direccion-de-gestion-pedagogica-eba-y-etp\/","title":{"rendered":"DIRECCI\u00d3N DE GESTI\u00d3N PEDAG\u00d3GICA &#8211; EBA y ETP"},"content":{"rendered":"<p>[vc_row][vc_column][vc_column_text]<\/p>\n<h3 style=\"text-align: center;\"><strong>DIRECCI\u00d3N DE GESTI\u00d3N PEDAG\u00d3GICA &#8211; EBA y ETP<\/strong><\/h3>\n<p>[\/vc_column_text][vc_column_text]FUNCIONES DEL \u00c1REA<\/p>\n<ul>\n<li style=\"font-weight: 400;\" aria-level=\"1\"><span style=\"font-weight: 400;\">Supervisor y evaluar el cumplimiento de las funciones y responsabilidades de las instituciones educativas en temas de educaci\u00f3n b\u00e1sica alternativa y t\u00e9cnico productiva en el \u00e1mbito de su competencia, para asegurar el adecuado desarrollo de los procesos educativos a su cargo, e implementar acciones de mejora seg\u00fan corresponda.<\/span><\/li>\n<li style=\"font-weight: 400;\" aria-level=\"1\"><span style=\"font-weight: 400;\">Brindar asistencia t\u00e9cnica a las instituciones educativas en el \u00e1mbito de su competencia respecto del desarrollo de los procesos educativos a su cargo, en coordinaci\u00f3n con los \u00f3rganos competentes del MINEDU.<\/span><\/li>\n<li style=\"font-weight: 400;\" aria-level=\"1\"><span style=\"font-weight: 400;\">Elaborar el diagn\u00f3stico de la educaci\u00f3n b\u00e1sica alternativa y t\u00e9cnico-productiva en el \u00e1mbito de su competencia, y presentar a la Direcci\u00f3n propuestas de mejora de procesos pedag\u00f3gicos.<\/span><\/li>\n<li style=\"font-weight: 400;\" aria-level=\"1\"><span style=\"font-weight: 400;\">Otras funciones que en el marco de sus competencias, le sean asignadas por la Direcci\u00f3n de la UGEL.<\/span><\/li>\n<\/ul>\n<p>[\/vc_column_text][\/vc_column][\/vc_row]<\/p>\n","protected":false},"excerpt":{"rendered":"<p>[vc_row][vc_column][vc_column_text] DIRECCI\u00d3N DE GESTI\u00d3N PEDAG\u00d3GICA &#8211; EBA y ETP [\/vc_column_text][vc_column_text]FUNCIONES DEL \u00c1REA Supervisor y evaluar el cumplimiento de las funciones y responsabilidades de las instituciones educativas en temas de educaci\u00f3n b\u00e1sica alternativa y t\u00e9cnico productiva en el \u00e1mbito de su competencia, para asegurar el adecuado desarrollo de los procesos educativos a su cargo, e implementar [&hellip;]<\/p>\n","protected":false},"author":1,"featured_media":0,"parent":0,"menu_order":0,"comment_status":"closed","ping_status":"closed","template":"","meta":{"qubely_global_settings":"","qubely_interactions":"","footnotes":""},"class_list":["post-8737","page","type-page","status-publish","hentry"],"_links":{"self":[{"href":"https:\/\/ugelcusco.gob.pe\/ws\/wp-json\/wp\/v2\/pages\/8737","targetHints":{"allow":["GET"]}}],"collection":[{"href":"https:\/\/ugelcusco.gob.pe\/ws\/wp-json\/wp\/v2\/pages"}],"about":[{"href":"https:\/\/ugelcusco.gob.pe\/ws\/wp-json\/wp\/v2\/types\/page"}],"author":[{"embeddable":true,"href":"https:\/\/ugelcusco.gob.pe\/ws\/wp-json\/wp\/v2\/users\/1"}],"replies":[{"embeddable":true,"href":"https:\/\/ugelcusco.gob.pe\/ws\/wp-json\/wp\/v2\/comments?post=8737"}],"version-history":[{"count":2,"href":"https:\/\/ugelcusco.gob.pe\/ws\/wp-json\/wp\/v2\/pages\/8737\/revisions"}],"predecessor-version":[{"id":8739,"href":"https:\/\/ugelcusco.gob.pe\/ws\/wp-json\/wp\/v2\/pages\/8737\/revisions\/8739"}],"wp:attachment":[{"href":"https:\/\/ugelcusco.gob.pe\/ws\/wp-json\/wp\/v2\/media?parent=8737"}],"curies":[{"name":"wp","href":"https:\/\/api.w.org\/{rel}","templated":true}]}}