{"id":8828,"date":"2021-07-02T11:25:41","date_gmt":"2021-07-02T16:25:41","guid":{"rendered":"https:\/\/ugelcusco.gob.pe\/ws\/?page_id=8828"},"modified":"2022-08-18T16:19:01","modified_gmt":"2022-08-18T21:19:01","slug":"administracion-area-de-administracion","status":"publish","type":"page","link":"https:\/\/ugelcusco.gob.pe\/ws\/administracion-area-de-administracion\/","title":{"rendered":"ADMINISTRACI\u00d3N \u2013 \u00c1REA DE ADMINISTRACI\u00d3N"},"content":{"rendered":"<p>[vc_row][vc_column][vc_column_text]<\/p>\n<h3 style=\"text-align: center;\">ADMINISTRACI\u00d3N \u2013 \u00c1REA DE ADMINISTRACI\u00d3N<\/h3>\n<p>[\/vc_column_text][vc_column_text]<\/p>\n<h4><strong>OBJETIVOS<\/strong><\/h4>\n<p>Establecer los mecanismos de permanente comunicaci\u00f3n a cada colaborador a fin que tengan conocimiento de las funciones que cumplen su relevancia con respecto al cumplimiento de los objetivos y planes de la UGEL CUSCO.[\/vc_column_text][vc_column_text]<strong>FUNCIONES<\/strong><\/p>\n<ul>\n<li>Planificar, dirigir y evaluar las actividades que realiza la Direcci\u00f3n a su cargo.<\/li>\n<li>Coordinar con el \u00c1rea de Gesti\u00f3n Institucional sobre la formulaci\u00f3n del Presupuesto de las Instituciones Educativas y la Sede Institucional.<\/li>\n<li>Revisar y firmar los informes de ejecuci\u00f3n presupuestaria y propuesta de modificaci\u00f3n, calendarios de compromisos, solicitudes de giro, relaciones de retenciones de cheques anulados, compromisos de pagos, los cheques y constancias de pago de remuneraciones.<\/li>\n<li>Revisar y refrendar el Cuadro de Adquisiciones y de Suministros de Bienes Muebles e Inmuebles.<\/li>\n<li>Firmar toda la documentaci\u00f3n referente a la informaci\u00f3n contable y financiera, as\u00ed como comprobante de pago de toda \u00edndole.<\/li>\n<li>Organizar e implementar las acciones de seguridad, mantenimiento y conservaci\u00f3n de las instalaciones, equipos y materiales de la Sede de la UGEL Cusco.<\/li>\n<li>Estudiar y calificar expedientes con el apoyo del Especialista responsable.<\/li>\n<li>Disponer la formulaci\u00f3n y visaci\u00f3n y\/o firma de proyectos de Resoluci\u00f3n y dem\u00e1s documentos sobre aspectos financieros, contables y de personal.<\/li>\n<li>Autorizar los pagos a cuentas de fondos para pagos en efectivo.<\/li>\n<li>Verificar las conciliaciones bancarias.<\/li>\n<li>Participar en las Comisiones de Licitaci\u00f3n, Concursos P\u00fablicos y Adjudicaciones Directas, SUBCAFAE y en otros que le asigne el Director.<\/li>\n<li>Adecuar, asesorar y supervisar a las instituciones educativas y a la Direcci\u00f3n de la UGEL Cusco en aplicaci\u00f3n de las normas y procedimientos sobre los Sistemas de Contabilidad, Tesorer\u00eda, Abastecimiento y Personal.<\/li>\n<li>Revisar y analizar los expedientes relacionados con movimientos de personal que se originan en las instituciones educativas y disponer la formulaci\u00f3n del proyecto de Resoluci\u00f3n correspondiente.<\/li>\n<li>Participar en las Comisiones de Procesos Administrativos, Disciplinarios, Capacitaci\u00f3n, Reasignaciones, Bienestar y otros que autorice el Director.<\/li>\n<li>Realizar otras funciones de su competencia que le encargue el Director.<\/li>\n<\/ul>\n<p>[\/vc_column_text][\/vc_column][\/vc_row][vc_row][vc_column][vc_column_text]<\/p>\n<h4 style=\"text-align: center;\">EQUIPO DEL \u00c1REA DE ADMINISTRACI\u00d3N<\/h4>\n<p>[\/vc_column_text][vc_row_inner][vc_column_inner width=\u00bb1\/6&#8243;][\/vc_column_inner][vc_column_inner width=\u00bb2\/6&#8243;][vc_column_text]<strong>ELIUD MATAMOROS CAYO<\/strong><\/p>\n<p><strong>Director del \u00c1rea de Administraci\u00f3n<\/strong><\/p>\n<p><strong>Email:<\/strong> <a href=\"mailto:ematamorosc@ugelcusco.edu.pe\">ematamorosc@ugelcusco.edu.pe<\/a>[\/vc_column_text][\/vc_column_inner][vc_column_inner width=\u00bb2\/6&#8243;][\/vc_column_inner][vc_column_inner width=\u00bb1\/6&#8243;][\/vc_column_inner][\/vc_row_inner][vc_row_inner][vc_column_inner width=\u00bb1\/6&#8243;][\/vc_column_inner][vc_column_inner width=\u00bb2\/6&#8243;][vc_column_text][\/vc_column_text][\/vc_column_inner][vc_column_inner width=\u00bb2\/6&#8243;][\/vc_column_inner][vc_column_inner width=\u00bb1\/6&#8243;][\/vc_column_inner][\/vc_row_inner][\/vc_column][\/vc_row]<\/p>\n","protected":false},"excerpt":{"rendered":"<p>[vc_row][vc_column][vc_column_text] ADMINISTRACI\u00d3N \u2013 \u00c1REA DE ADMINISTRACI\u00d3N [\/vc_column_text][vc_column_text] OBJETIVOS Establecer los mecanismos de permanente comunicaci\u00f3n a cada colaborador a fin que tengan conocimiento de las funciones que cumplen su relevancia con respecto al cumplimiento de los objetivos y planes de la UGEL CUSCO.[\/vc_column_text][vc_column_text]FUNCIONES Planificar, dirigir y evaluar las actividades que realiza la Direcci\u00f3n a su cargo. [&hellip;]<\/p>\n","protected":false},"author":1,"featured_media":0,"parent":0,"menu_order":0,"comment_status":"closed","ping_status":"closed","template":"","meta":{"qubely_global_settings":"","qubely_interactions":"","footnotes":""},"class_list":["post-8828","page","type-page","status-publish","hentry"],"_links":{"self":[{"href":"https:\/\/ugelcusco.gob.pe\/ws\/wp-json\/wp\/v2\/pages\/8828","targetHints":{"allow":["GET"]}}],"collection":[{"href":"https:\/\/ugelcusco.gob.pe\/ws\/wp-json\/wp\/v2\/pages"}],"about":[{"href":"https:\/\/ugelcusco.gob.pe\/ws\/wp-json\/wp\/v2\/types\/page"}],"author":[{"embeddable":true,"href":"https:\/\/ugelcusco.gob.pe\/ws\/wp-json\/wp\/v2\/users\/1"}],"replies":[{"embeddable":true,"href":"https:\/\/ugelcusco.gob.pe\/ws\/wp-json\/wp\/v2\/comments?post=8828"}],"version-history":[{"count":15,"href":"https:\/\/ugelcusco.gob.pe\/ws\/wp-json\/wp\/v2\/pages\/8828\/revisions"}],"predecessor-version":[{"id":11551,"href":"https:\/\/ugelcusco.gob.pe\/ws\/wp-json\/wp\/v2\/pages\/8828\/revisions\/11551"}],"wp:attachment":[{"href":"https:\/\/ugelcusco.gob.pe\/ws\/wp-json\/wp\/v2\/media?parent=8828"}],"curies":[{"name":"wp","href":"https:\/\/api.w.org\/{rel}","templated":true}]}}